{"id":2104,"date":"2025-06-19T12:38:46","date_gmt":"2025-06-19T10:38:46","guid":{"rendered":"https:\/\/instagreen.fr\/?post_type=product&#038;p=2104"},"modified":"2025-06-30T12:19:22","modified_gmt":"2025-06-30T10:19:22","slug":"huile-10","status":"publish","type":"product","link":"https:\/\/instagreen.fr\/index.php\/produit\/huile-10\/","title":{"rendered":"Huile CBD 10%"},"content":{"rendered":"<p>L&rsquo;Huile de CBD Full Spectrum 10% (1000mg de CBD pour 10ml) est votre alli\u00e9e id\u00e9ale pour int\u00e9grer le CBD \u00e0 votre routine quotidienne. Formul\u00e9e \u00e0 partir d&rsquo;un <b>extrait de chanvre \u00e0 spectre complet<\/b>, elle contient non seulement du CBD, mais aussi l&rsquo;ensemble des cannabino\u00efdes naturellement pr\u00e9sents dans la plante (comme le CBG, CBN, CBC, et des traces de THC inf\u00e9rieures \u00e0 0,3% conform\u00e9ment \u00e0 la l\u00e9gislation), ainsi que des terp\u00e8nes et des flavono\u00efdes. Cette synergie, appel\u00e9e <b>\u00ab\u00a0effet d&rsquo;entourage\u00a0\u00bb<\/b>, d\u00e9cuple les bienfaits de chaque composant pour une action plus compl\u00e8te et \u00e9quilibr\u00e9e que le CBD isol\u00e9.<\/p>\n<p>Avec sa concentration de 10%, cette huile est parfaite pour les <b>d\u00e9butants<\/b> ou ceux qui recherchent un <b>soutien l\u00e9ger<\/b> pour g\u00e9rer le stress, am\u00e9liorer la qualit\u00e9 du sommeil ou apaiser les tensions quotidiennes. Chaque goutte vous apporte 5mg de CBD, permettant un dosage pr\u00e9cis et facile \u00e0 ajuster. Pour une absorption optimale, l&rsquo;utilisation <b>sublinguale<\/b> est recommand\u00e9e : d\u00e9posez les gouttes sous la langue et maintenez-les 60 secondes avant d&rsquo;avaler.<\/p>\n<ul>\n<li><b>Concentration :<\/b> 10% (1000mg de CBD pour 10ml)<\/li>\n<li><b>Type :<\/b> Full Spectrum (spectre complet)<\/li>\n<li><b>Id\u00e9al pour :<\/b> D\u00e9butants, soutien quotidien l\u00e9ger<\/li>\n<li><b>Bienfaits :<\/b> Relaxation douce, \u00e9quilibre g\u00e9n\u00e9ral, gestion du stress l\u00e9ger<\/li>\n<\/ul>\n","protected":false},"excerpt":{"rendered":"<p>Notre huile de CBD Full Spectrum 10% offre un accompagnement doux pour votre bien-\u00eatre quotidien. Gr\u00e2ce \u00e0 son spectre complet de cannabino\u00efdes, terp\u00e8nes et flavono\u00efdes, elle procure un effet d&rsquo;entourage optimal pour une relaxation l\u00e9g\u00e8re et un \u00e9quilibre g\u00e9n\u00e9ral.<\/p>\n","protected":false},"featured_media":2109,"comment_status":"open","ping_status":"closed","template":"","meta":{"_eb_attr":"","content-type":"","site-sidebar-layout":"default","site-content-layout":"","ast-site-content-layout":"default","site-content-style":"default","site-sidebar-style":"default","ast-global-header-display":"","ast-banner-title-visibility":"","ast-main-header-display":"","ast-hfb-above-header-display":"","ast-hfb-below-header-display":"","ast-hfb-mobile-header-display":"","site-post-title":"","ast-breadcrumbs-content":"","ast-featured-img":"","footer-sml-layout":"","theme-transparent-header-meta":"default","adv-header-id-meta":"","stick-header-meta":"","header-above-stick-meta":"","header-main-stick-meta":"","header-below-stick-meta":"","astra-migrate-meta-layouts":"set","ast-page-background-enabled":"default","ast-page-background-meta":{"desktop":{"background-color":"var(--ast-global-color-5)","background-image":"","background-repeat":"repeat","background-position":"center center","background-size":"auto","background-attachment":"scroll","background-type":"","background-media":"","overlay-type":"","overlay-color":"","overlay-opacity":"","overlay-gradient":""},"tablet":{"background-color":"","background-image":"","background-repeat":"repeat","background-position":"center center","background-size":"auto","background-attachment":"scroll","background-type":"","background-media":"","overlay-type":"","overlay-color":"","overlay-opacity":"","overlay-gradient":""},"mobile":{"background-color":"","background-image":"","background-repeat":"repeat","background-position":"center center","background-size":"auto","background-attachment":"scroll","background-type":"","background-media":"","overlay-type":"","overlay-color":"","overlay-opacity":"","overlay-gradient":""}},"ast-content-background-meta":{"desktop":{"background-color":"var(--ast-global-color-4)","background-image":"","background-repeat":"repeat","background-position":"center center","background-size":"auto","background-attachment":"scroll","background-type":"","background-media":"","overlay-type":"","overlay-color":"","overlay-opacity":"","overlay-gradient":""},"tablet":{"background-color":"var(--ast-global-color-4)","background-image":"","background-repeat":"repeat","background-position":"center center","background-size":"auto","background-attachment":"scroll","background-type":"","background-media":"","overlay-type":"","overlay-color":"","overlay-opacity":"","overlay-gradient":""},"mobile":{"background-color":"var(--ast-global-color-4)","background-image":"","background-repeat":"repeat","background-position":"center center","background-size":"auto","background-attachment":"scroll","background-type":"","background-media":"","overlay-type":"","overlay-color":"","overlay-opacity":"","overlay-gradient":""}}},"product_brand":[],"product_cat":[88],"product_tag":[],"class_list":{"0":"post-2104","1":"product","2":"type-product","3":"status-publish","4":"has-post-thumbnail","6":"product_cat-huiles-cbd","7":"desktop-align-center","8":"tablet-align-left","9":"mobile-align-left","11":"first","12":"instock","13":"taxable","14":"shipping-taxable","15":"product-type-simple"},"jetpack_sharing_enabled":true,"_links":{"self":[{"href":"https:\/\/instagreen.fr\/index.php\/wp-json\/wp\/v2\/product\/2104","targetHints":{"allow":["GET"]}}],"collection":[{"href":"https:\/\/instagreen.fr\/index.php\/wp-json\/wp\/v2\/product"}],"about":[{"href":"https:\/\/instagreen.fr\/index.php\/wp-json\/wp\/v2\/types\/product"}],"replies":[{"embeddable":true,"href":"https:\/\/instagreen.fr\/index.php\/wp-json\/wp\/v2\/comments?post=2104"}],"wp:featuredmedia":[{"embeddable":true,"href":"https:\/\/instagreen.fr\/index.php\/wp-json\/wp\/v2\/media\/2109"}],"wp:attachment":[{"href":"https:\/\/instagreen.fr\/index.php\/wp-json\/wp\/v2\/media?parent=2104"}],"wp:term":[{"taxonomy":"product_brand","embeddable":true,"href":"https:\/\/instagreen.fr\/index.php\/wp-json\/wp\/v2\/product_brand?post=2104"},{"taxonomy":"product_cat","embeddable":true,"href":"https:\/\/instagreen.fr\/index.php\/wp-json\/wp\/v2\/product_cat?post=2104"},{"taxonomy":"product_tag","embeddable":true,"href":"https:\/\/instagreen.fr\/index.php\/wp-json\/wp\/v2\/product_tag?post=2104"}],"curies":[{"name":"wp","href":"https:\/\/api.w.org\/{rel}","templated":true}]}}