{"id":1104,"date":"2025-05-12T15:59:09","date_gmt":"2025-05-12T13:59:09","guid":{"rendered":"https:\/\/instagreen.fr\/?post_type=product&#038;p=1104"},"modified":"2025-06-10T17:38:43","modified_gmt":"2025-06-10T15:38:43","slug":"amnesia-x-lemon-resine-cbd-serie-limitee-0004-goldbar-420","status":"publish","type":"product","link":"https:\/\/instagreen.fr\/index.php\/produit\/amnesia-x-lemon-resine-cbd-serie-limitee-0004-goldbar-420\/","title":{"rendered":"AMNESIA X LEMON RESINE CBD S\u00c9RIE LIMIT\u00c9E 0004 GOLDBAR 420"},"content":{"rendered":"<p data-sourcepos=\"11:1-11:636\">L&rsquo;Amnesia X Lemon Hash CBD est un <strong>produit d&rsquo;exception<\/strong> propos\u00e9 en <strong>s\u00e9rie tr\u00e8s limit\u00e9e<\/strong>, identifi\u00e9 par le <strong>num\u00e9ro 0004<\/strong>. Sa conception d\u00e9bute avec des <strong>graines suisses minutieusement s\u00e9lectionn\u00e9es<\/strong>, cultiv\u00e9es ensuite dans les <strong>terres fertiles d&rsquo;Ounas Edin, au Maroc<\/strong>. Ce d\u00e9veloppement a eu lieu durant l&rsquo;<strong>\u00e9t\u00e9 remarquable de 2024<\/strong>, profitant de conditions id\u00e9ales. Ce hash premium repr\u00e9sente la quintessence du <strong>terroir marocain<\/strong>, d\u00e9voilant des <strong>ar\u00f4mes naturels et envo\u00fbtants de citron beldi<\/strong>. Sa production suit une <strong>m\u00e9thode artisanale<\/strong>, garantissant une qualit\u00e9 et une authenticit\u00e9 in\u00e9gal\u00e9es.<\/p>\n<ul data-sourcepos=\"13:1-18:0\">\n<li data-sourcepos=\"13:1-13:46\"><strong>Production :<\/strong> \u00c9dition limit\u00e9e (n\u00b00004)<\/li>\n<li data-sourcepos=\"14:1-14:37\"><strong>Origine des graines :<\/strong> Suisse<\/li>\n<li data-sourcepos=\"15:1-15:55\"><strong>Lieu de culture :<\/strong> Ounas Edin, Maroc (\u00c9t\u00e9 2024)<\/li>\n<li data-sourcepos=\"16:1-16:51\"><strong>Ar\u00f4mes :<\/strong> Citron Beldi (naturel, captivant)<\/li>\n<li data-sourcepos=\"17:1-18:0\"><strong>M\u00e9thode :<\/strong> Artisanal<\/li>\n<\/ul>\n","protected":false},"excerpt":{"rendered":"<p>D\u00e9couvrez l&rsquo;Amnesia X Lemon Hash CBD, une r\u00e9sine premium en \u00e9dition limit\u00e9e (n\u00b00004) alliant le meilleur du terroir marocain. Cultiv\u00e9e \u00e0 Ounas Edin \u00e0 partir de graines suisses, elle offre des ar\u00f4mes naturels et captivants de citron beldi, fruit d&rsquo;une production artisanale.<\/p>\n","protected":false},"featured_media":1974,"comment_status":"open","ping_status":"closed","template":"","meta":{"_eb_attr":"","content-type":"","site-sidebar-layout":"default","site-content-layout":"","ast-site-content-layout":"default","site-content-style":"default","site-sidebar-style":"default","ast-global-header-display":"","ast-banner-title-visibility":"","ast-main-header-display":"","ast-hfb-above-header-display":"","ast-hfb-below-header-display":"","ast-hfb-mobile-header-display":"","site-post-title":"","ast-breadcrumbs-content":"","ast-featured-img":"","footer-sml-layout":"","theme-transparent-header-meta":"default","adv-header-id-meta":"","stick-header-meta":"","header-above-stick-meta":"","header-main-stick-meta":"","header-below-stick-meta":"","astra-migrate-meta-layouts":"set","ast-page-background-enabled":"default","ast-page-background-meta":{"desktop":{"background-color":"var(--ast-global-color-5)","background-image":"","background-repeat":"repeat","background-position":"center center","background-size":"auto","background-attachment":"scroll","background-type":"","background-media":"","overlay-type":"","overlay-color":"","overlay-opacity":"","overlay-gradient":""},"tablet":{"background-color":"","background-image":"","background-repeat":"repeat","background-position":"center center","background-size":"auto","background-attachment":"scroll","background-type":"","background-media":"","overlay-type":"","overlay-color":"","overlay-opacity":"","overlay-gradient":""},"mobile":{"background-color":"","background-image":"","background-repeat":"repeat","background-position":"center center","background-size":"auto","background-attachment":"scroll","background-type":"","background-media":"","overlay-type":"","overlay-color":"","overlay-opacity":"","overlay-gradient":""}},"ast-content-background-meta":{"desktop":{"background-color":"var(--ast-global-color-4)","background-image":"","background-repeat":"repeat","background-position":"center center","background-size":"auto","background-attachment":"scroll","background-type":"","background-media":"","overlay-type":"","overlay-color":"","overlay-opacity":"","overlay-gradient":""},"tablet":{"background-color":"var(--ast-global-color-4)","background-image":"","background-repeat":"repeat","background-position":"center center","background-size":"auto","background-attachment":"scroll","background-type":"","background-media":"","overlay-type":"","overlay-color":"","overlay-opacity":"","overlay-gradient":""},"mobile":{"background-color":"var(--ast-global-color-4)","background-image":"","background-repeat":"repeat","background-position":"center center","background-size":"auto","background-attachment":"scroll","background-type":"","background-media":"","overlay-type":"","overlay-color":"","overlay-opacity":"","overlay-gradient":""}}},"product_brand":[],"product_cat":[86,67],"product_tag":[],"class_list":{"0":"post-1104","1":"product","2":"type-product","3":"status-publish","4":"has-post-thumbnail","6":"product_cat-gold-bar","7":"product_cat-resines","8":"desktop-align-center","9":"tablet-align-left","10":"mobile-align-left","12":"first","13":"outofstock","14":"taxable","15":"shipping-taxable","16":"product-type-variable"},"jetpack_sharing_enabled":true,"_links":{"self":[{"href":"https:\/\/instagreen.fr\/index.php\/wp-json\/wp\/v2\/product\/1104","targetHints":{"allow":["GET"]}}],"collection":[{"href":"https:\/\/instagreen.fr\/index.php\/wp-json\/wp\/v2\/product"}],"about":[{"href":"https:\/\/instagreen.fr\/index.php\/wp-json\/wp\/v2\/types\/product"}],"replies":[{"embeddable":true,"href":"https:\/\/instagreen.fr\/index.php\/wp-json\/wp\/v2\/comments?post=1104"}],"wp:featuredmedia":[{"embeddable":true,"href":"https:\/\/instagreen.fr\/index.php\/wp-json\/wp\/v2\/media\/1974"}],"wp:attachment":[{"href":"https:\/\/instagreen.fr\/index.php\/wp-json\/wp\/v2\/media?parent=1104"}],"wp:term":[{"taxonomy":"product_brand","embeddable":true,"href":"https:\/\/instagreen.fr\/index.php\/wp-json\/wp\/v2\/product_brand?post=1104"},{"taxonomy":"product_cat","embeddable":true,"href":"https:\/\/instagreen.fr\/index.php\/wp-json\/wp\/v2\/product_cat?post=1104"},{"taxonomy":"product_tag","embeddable":true,"href":"https:\/\/instagreen.fr\/index.php\/wp-json\/wp\/v2\/product_tag?post=1104"}],"curies":[{"name":"wp","href":"https:\/\/api.w.org\/{rel}","templated":true}]}}