{"id":1103,"date":"2025-05-12T15:59:09","date_gmt":"2025-05-12T13:59:09","guid":{"rendered":"https:\/\/instagreen.fr\/?post_type=product&#038;p=1103"},"modified":"2025-06-10T17:58:33","modified_gmt":"2025-06-10T15:58:33","slug":"straw-beldi-resine-cbd-serie-limitee-0003-goldbar-420","status":"publish","type":"product","link":"https:\/\/instagreen.fr\/index.php\/produit\/straw-beldi-resine-cbd-serie-limitee-0003-goldbar-420\/","title":{"rendered":"STRAW BELDI R\u00c9SINE CBD S\u00c9RIE LIMIT\u00c9E 0003 GOLDBAR 420"},"content":{"rendered":"<p data-sourcepos=\"11:1-11:648\">Le Straw Beldi R\u00e9sine CBD est un <strong>produit d&rsquo;exception<\/strong>, disponible en <strong>s\u00e9rie tr\u00e8s limit\u00e9e<\/strong> et identifi\u00e9 par le <strong>num\u00e9ro 0002<\/strong>. Son parcours d\u00e9bute avec des <strong>graines suisses soigneusement s\u00e9lectionn\u00e9es<\/strong>. Sa culture et son extraction ont \u00e9t\u00e9 r\u00e9alis\u00e9es de <strong>mani\u00e8re traditionnelle<\/strong> \u00e0 <strong>Ounas Edin, au nord du Maroc<\/strong>, durant l&rsquo;<strong>\u00e9t\u00e9 exceptionnel de 2024<\/strong>. Ce hash premium incarne la richesse du <strong>terroir du Rif marocain<\/strong>, r\u00e9put\u00e9 pour ses sols fertiles et son climat id\u00e9al. Il se distingue par ses <strong>ar\u00f4mes naturels de fraises locales<\/strong>, un parfum <strong>rare et captivant<\/strong> qui le rend v\u00e9ritablement unique \u00e0 Goldbar420.<\/p>\n<ul data-sourcepos=\"13:1-18:0\">\n<li data-sourcepos=\"13:1-13:46\"><strong>Production :<\/strong> \u00c9dition limit\u00e9e (n\u00b00002)<\/li>\n<li data-sourcepos=\"14:1-14:37\"><strong>Origine des graines :<\/strong> Suisse<\/li>\n<li data-sourcepos=\"15:1-15:72\"><strong>Lieu de culture &amp; extraction :<\/strong> Ounas Edin, Maroc<\/li>\n<li data-sourcepos=\"16:1-16:51\"><strong>Ar\u00f4mes :<\/strong> Fraises locales (rare, captivant)<\/li>\n<li data-sourcepos=\"17:1-18:0\"><strong>M\u00e9thode :<\/strong> Traditionnelle<\/li>\n<\/ul>\n","protected":false},"excerpt":{"rendered":"<p>D\u00e9couvrez le Straw Beldi R\u00e9sine CBD, un hash d&rsquo;exception en s\u00e9rie limit\u00e9e (n\u00b00002). Issu de graines suisses cultiv\u00e9es et extraites artisanalement \u00e0 Ounas Edin au Maroc, il offre des ar\u00f4mes rares et captivants de fraises locales du Rif.<\/p>\n","protected":false},"featured_media":1983,"comment_status":"open","ping_status":"closed","template":"","meta":{"_eb_attr":"","content-type":"","site-sidebar-layout":"default","site-content-layout":"","ast-site-content-layout":"default","site-content-style":"default","site-sidebar-style":"default","ast-global-header-display":"","ast-banner-title-visibility":"","ast-main-header-display":"","ast-hfb-above-header-display":"","ast-hfb-below-header-display":"","ast-hfb-mobile-header-display":"","site-post-title":"","ast-breadcrumbs-content":"","ast-featured-img":"","footer-sml-layout":"","theme-transparent-header-meta":"default","adv-header-id-meta":"","stick-header-meta":"","header-above-stick-meta":"","header-main-stick-meta":"","header-below-stick-meta":"","astra-migrate-meta-layouts":"set","ast-page-background-enabled":"default","ast-page-background-meta":{"desktop":{"background-color":"var(--ast-global-color-5)","background-image":"","background-repeat":"repeat","background-position":"center center","background-size":"auto","background-attachment":"scroll","background-type":"","background-media":"","overlay-type":"","overlay-color":"","overlay-opacity":"","overlay-gradient":""},"tablet":{"background-color":"","background-image":"","background-repeat":"repeat","background-position":"center center","background-size":"auto","background-attachment":"scroll","background-type":"","background-media":"","overlay-type":"","overlay-color":"","overlay-opacity":"","overlay-gradient":""},"mobile":{"background-color":"","background-image":"","background-repeat":"repeat","background-position":"center center","background-size":"auto","background-attachment":"scroll","background-type":"","background-media":"","overlay-type":"","overlay-color":"","overlay-opacity":"","overlay-gradient":""}},"ast-content-background-meta":{"desktop":{"background-color":"var(--ast-global-color-4)","background-image":"","background-repeat":"repeat","background-position":"center center","background-size":"auto","background-attachment":"scroll","background-type":"","background-media":"","overlay-type":"","overlay-color":"","overlay-opacity":"","overlay-gradient":""},"tablet":{"background-color":"var(--ast-global-color-4)","background-image":"","background-repeat":"repeat","background-position":"center center","background-size":"auto","background-attachment":"scroll","background-type":"","background-media":"","overlay-type":"","overlay-color":"","overlay-opacity":"","overlay-gradient":""},"mobile":{"background-color":"var(--ast-global-color-4)","background-image":"","background-repeat":"repeat","background-position":"center center","background-size":"auto","background-attachment":"scroll","background-type":"","background-media":"","overlay-type":"","overlay-color":"","overlay-opacity":"","overlay-gradient":""}}},"product_brand":[],"product_cat":[86,67],"product_tag":[],"class_list":{"0":"post-1103","1":"product","2":"type-product","3":"status-publish","4":"has-post-thumbnail","6":"product_cat-gold-bar","7":"product_cat-resines","8":"desktop-align-center","9":"tablet-align-left","10":"mobile-align-left","12":"first","13":"instock","14":"taxable","15":"shipping-taxable","16":"product-type-variable"},"jetpack_sharing_enabled":true,"_links":{"self":[{"href":"https:\/\/instagreen.fr\/index.php\/wp-json\/wp\/v2\/product\/1103","targetHints":{"allow":["GET"]}}],"collection":[{"href":"https:\/\/instagreen.fr\/index.php\/wp-json\/wp\/v2\/product"}],"about":[{"href":"https:\/\/instagreen.fr\/index.php\/wp-json\/wp\/v2\/types\/product"}],"replies":[{"embeddable":true,"href":"https:\/\/instagreen.fr\/index.php\/wp-json\/wp\/v2\/comments?post=1103"}],"wp:featuredmedia":[{"embeddable":true,"href":"https:\/\/instagreen.fr\/index.php\/wp-json\/wp\/v2\/media\/1983"}],"wp:attachment":[{"href":"https:\/\/instagreen.fr\/index.php\/wp-json\/wp\/v2\/media?parent=1103"}],"wp:term":[{"taxonomy":"product_brand","embeddable":true,"href":"https:\/\/instagreen.fr\/index.php\/wp-json\/wp\/v2\/product_brand?post=1103"},{"taxonomy":"product_cat","embeddable":true,"href":"https:\/\/instagreen.fr\/index.php\/wp-json\/wp\/v2\/product_cat?post=1103"},{"taxonomy":"product_tag","embeddable":true,"href":"https:\/\/instagreen.fr\/index.php\/wp-json\/wp\/v2\/product_tag?post=1103"}],"curies":[{"name":"wp","href":"https:\/\/api.w.org\/{rel}","templated":true}]}}