{"id":1102,"date":"2025-05-12T15:59:09","date_gmt":"2025-05-12T13:59:09","guid":{"rendered":"https:\/\/instagreen.fr\/?post_type=product&#038;p=1102"},"modified":"2025-06-10T17:27:34","modified_gmt":"2025-06-10T15:27:34","slug":"og-beldi-resine-cbdserie-limitee-0002-goldbar-420","status":"publish","type":"product","link":"https:\/\/instagreen.fr\/index.php\/produit\/og-beldi-resine-cbdserie-limitee-0002-goldbar-420\/","title":{"rendered":"OG BELDI RESINE CBD SERIE LIMITE\u00c9 0002 GOLDBAR 420"},"content":{"rendered":"<p>D\u00e9couvrez une r\u00e9sine d\u2019exception, n\u00e9e de l\u2019alliance parfaite entre innovation suisse et tradition marocaine. Issue de la g\u00e9n\u00e9tique Orangella OG, d\u00e9velopp\u00e9e avec pr\u00e9cision en Suisse, cette r\u00e9sine puissante prend vie dans le village authentique d\u2019Ounas Edin, au c\u0153ur du Rif marocain, berceau de la culture du chanvre. \u00c9labor\u00e9e selon des pratiques agricoles biologiques et respectueuses de l\u2019environnement, elle incarne le savoir-faire ancestral tout en offrant une exp\u00e9rience riche, intense et naturelle. Un produit haut de gamme pour les amateurs exigeants en qu\u00eate d\u2019authenticit\u00e9.<\/p>\n","protected":false},"excerpt":{"rendered":"<p>D\u00e9couvrez une r\u00e9sine d\u2019exception, n\u00e9e de l\u2019alliance parfaite entre innovation suisse et tradition marocaine. Issue de la g\u00e9n\u00e9tique Orangella OG, [&hellip;]<\/p>\n","protected":false},"featured_media":1972,"comment_status":"open","ping_status":"closed","template":"","meta":{"_eb_attr":"","content-type":"","site-sidebar-layout":"default","site-content-layout":"","ast-site-content-layout":"default","site-content-style":"default","site-sidebar-style":"default","ast-global-header-display":"","ast-banner-title-visibility":"","ast-main-header-display":"","ast-hfb-above-header-display":"","ast-hfb-below-header-display":"","ast-hfb-mobile-header-display":"","site-post-title":"","ast-breadcrumbs-content":"","ast-featured-img":"","footer-sml-layout":"","theme-transparent-header-meta":"default","adv-header-id-meta":"","stick-header-meta":"","header-above-stick-meta":"","header-main-stick-meta":"","header-below-stick-meta":"","astra-migrate-meta-layouts":"set","ast-page-background-enabled":"default","ast-page-background-meta":{"desktop":{"background-color":"var(--ast-global-color-5)","background-image":"","background-repeat":"repeat","background-position":"center center","background-size":"auto","background-attachment":"scroll","background-type":"","background-media":"","overlay-type":"","overlay-color":"","overlay-opacity":"","overlay-gradient":""},"tablet":{"background-color":"","background-image":"","background-repeat":"repeat","background-position":"center center","background-size":"auto","background-attachment":"scroll","background-type":"","background-media":"","overlay-type":"","overlay-color":"","overlay-opacity":"","overlay-gradient":""},"mobile":{"background-color":"","background-image":"","background-repeat":"repeat","background-position":"center center","background-size":"auto","background-attachment":"scroll","background-type":"","background-media":"","overlay-type":"","overlay-color":"","overlay-opacity":"","overlay-gradient":""}},"ast-content-background-meta":{"desktop":{"background-color":"var(--ast-global-color-4)","background-image":"","background-repeat":"repeat","background-position":"center center","background-size":"auto","background-attachment":"scroll","background-type":"","background-media":"","overlay-type":"","overlay-color":"","overlay-opacity":"","overlay-gradient":""},"tablet":{"background-color":"var(--ast-global-color-4)","background-image":"","background-repeat":"repeat","background-position":"center center","background-size":"auto","background-attachment":"scroll","background-type":"","background-media":"","overlay-type":"","overlay-color":"","overlay-opacity":"","overlay-gradient":""},"mobile":{"background-color":"var(--ast-global-color-4)","background-image":"","background-repeat":"repeat","background-position":"center center","background-size":"auto","background-attachment":"scroll","background-type":"","background-media":"","overlay-type":"","overlay-color":"","overlay-opacity":"","overlay-gradient":""}}},"product_brand":[],"product_cat":[86,67],"product_tag":[],"class_list":{"0":"post-1102","1":"product","2":"type-product","3":"status-publish","4":"has-post-thumbnail","6":"product_cat-gold-bar","7":"product_cat-resines","8":"desktop-align-center","9":"tablet-align-left","10":"mobile-align-left","12":"first","13":"instock","14":"taxable","15":"shipping-taxable","16":"product-type-variable"},"jetpack_sharing_enabled":true,"_links":{"self":[{"href":"https:\/\/instagreen.fr\/index.php\/wp-json\/wp\/v2\/product\/1102","targetHints":{"allow":["GET"]}}],"collection":[{"href":"https:\/\/instagreen.fr\/index.php\/wp-json\/wp\/v2\/product"}],"about":[{"href":"https:\/\/instagreen.fr\/index.php\/wp-json\/wp\/v2\/types\/product"}],"replies":[{"embeddable":true,"href":"https:\/\/instagreen.fr\/index.php\/wp-json\/wp\/v2\/comments?post=1102"}],"wp:featuredmedia":[{"embeddable":true,"href":"https:\/\/instagreen.fr\/index.php\/wp-json\/wp\/v2\/media\/1972"}],"wp:attachment":[{"href":"https:\/\/instagreen.fr\/index.php\/wp-json\/wp\/v2\/media?parent=1102"}],"wp:term":[{"taxonomy":"product_brand","embeddable":true,"href":"https:\/\/instagreen.fr\/index.php\/wp-json\/wp\/v2\/product_brand?post=1102"},{"taxonomy":"product_cat","embeddable":true,"href":"https:\/\/instagreen.fr\/index.php\/wp-json\/wp\/v2\/product_cat?post=1102"},{"taxonomy":"product_tag","embeddable":true,"href":"https:\/\/instagreen.fr\/index.php\/wp-json\/wp\/v2\/product_tag?post=1102"}],"curies":[{"name":"wp","href":"https:\/\/api.w.org\/{rel}","templated":true}]}}