{"id":1101,"date":"2025-05-12T15:59:09","date_gmt":"2025-05-12T13:59:09","guid":{"rendered":"https:\/\/instagreen.fr\/?post_type=product&#038;p=1101"},"modified":"2026-04-16T03:41:11","modified_gmt":"2026-04-16T01:41:11","slug":"libanais-rouge","status":"publish","type":"product","link":"https:\/\/instagreen.fr\/index.php\/produit\/libanais-rouge\/","title":{"rendered":"Libanais Rouge"},"content":{"rendered":"<p class=\"\" data-start=\"3228\" data-end=\"4072\"><strong data-start=\"3258\" data-end=\"3283\">Le Libanais Rouge CBD<\/strong> s\u2019inspire des fameuses r\u00e9sines du Moyen-Orient, r\u00e9put\u00e9es pour leur caract\u00e8re noble et leurs vertus apaisantes. Sa particularit\u00e9 : une <strong data-start=\"3418\" data-end=\"3438\">teinte rouge\u00e2tre<\/strong> obtenue gr\u00e2ce \u00e0 un affinage sp\u00e9cifique des fleurs r\u00e9colt\u00e9es tardivement et s\u00e9ch\u00e9es lentement.<br data-start=\"3532\" data-end=\"3535\" \/>Sa <strong data-start=\"3538\" data-end=\"3579\">texture est souple, l\u00e9g\u00e8rement grasse<\/strong>, et tr\u00e8s agr\u00e9able \u00e0 effriter. Visuellement unique, elle attire imm\u00e9diatement le regard avec ses reflets rouge brun profond. \u00c0 l\u2019odeur, on retrouve des <strong data-start=\"3731\" data-end=\"3804\">notes d&rsquo;encens, de fruits m\u00fbrs, de fleurs s\u00e9ch\u00e9es et de bois oriental<\/strong>. En bouche, la r\u00e9sine est ronde, douce, et offre une complexit\u00e9 aromatique rare.<br data-start=\"3885\" data-end=\"3888\" \/>Ce hash d\u2019inspiration libanaise est parfait pour ceux qui aiment les r\u00e9sines de caract\u00e8re, aussi \u00e9l\u00e9gantes qu\u2019efficaces, pour une <strong data-start=\"4018\" data-end=\"4052\">d\u00e9tente profonde et m\u00e9ditative<\/strong>, en toute s\u00e9r\u00e9nit\u00e9.<\/p>\n<p class=\"\" data-start=\"4074\" data-end=\"4182\"><strong data-start=\"4077\" data-end=\"4088\">Texture<\/strong> : souple, rouge-brun, raffin\u00e9e<br data-start=\"4119\" data-end=\"4122\" \/><strong data-start=\"4125\" data-end=\"4139\">Extraction<\/strong> : Artisanale \u2013 Style libanais traditionnel<\/p>\n","protected":false},"excerpt":{"rendered":"<p>Une r\u00e9sine rare et \u00e9l\u00e9gante, reconnaissable \u00e0 sa teinte rouge-brun et \u00e0 ses ar\u00f4mes complexes d\u2019encens, de fruits secs et de fleurs \u00e9pic\u00e9es. Le Libanais Rouge offre une exp\u00e9rience chaleureuse, \u00e0 la fois douce et envo\u00fbtante. Un v\u00e9ritable voyage sensoriel.<\/p>\n","protected":false},"featured_media":2138,"comment_status":"open","ping_status":"closed","template":"","meta":{"_eb_attr":"","content-type":"","site-sidebar-layout":"default","site-content-layout":"","ast-site-content-layout":"default","site-content-style":"default","site-sidebar-style":"default","ast-global-header-display":"","ast-banner-title-visibility":"","ast-main-header-display":"","ast-hfb-above-header-display":"","ast-hfb-below-header-display":"","ast-hfb-mobile-header-display":"","site-post-title":"","ast-breadcrumbs-content":"","ast-featured-img":"","footer-sml-layout":"","theme-transparent-header-meta":"default","adv-header-id-meta":"","stick-header-meta":"","header-above-stick-meta":"","header-main-stick-meta":"","header-below-stick-meta":"","astra-migrate-meta-layouts":"set","ast-page-background-enabled":"default","ast-page-background-meta":{"desktop":{"background-color":"var(--ast-global-color-5)","background-image":"","background-repeat":"repeat","background-position":"center center","background-size":"auto","background-attachment":"scroll","background-type":"","background-media":"","overlay-type":"","overlay-color":"","overlay-opacity":"","overlay-gradient":""},"tablet":{"background-color":"","background-image":"","background-repeat":"repeat","background-position":"center center","background-size":"auto","background-attachment":"scroll","background-type":"","background-media":"","overlay-type":"","overlay-color":"","overlay-opacity":"","overlay-gradient":""},"mobile":{"background-color":"","background-image":"","background-repeat":"repeat","background-position":"center center","background-size":"auto","background-attachment":"scroll","background-type":"","background-media":"","overlay-type":"","overlay-color":"","overlay-opacity":"","overlay-gradient":""}},"ast-content-background-meta":{"desktop":{"background-color":"var(--ast-global-color-4)","background-image":"","background-repeat":"repeat","background-position":"center center","background-size":"auto","background-attachment":"scroll","background-type":"","background-media":"","overlay-type":"","overlay-color":"","overlay-opacity":"","overlay-gradient":""},"tablet":{"background-color":"var(--ast-global-color-4)","background-image":"","background-repeat":"repeat","background-position":"center center","background-size":"auto","background-attachment":"scroll","background-type":"","background-media":"","overlay-type":"","overlay-color":"","overlay-opacity":"","overlay-gradient":""},"mobile":{"background-color":"var(--ast-global-color-4)","background-image":"","background-repeat":"repeat","background-position":"center center","background-size":"auto","background-attachment":"scroll","background-type":"","background-media":"","overlay-type":"","overlay-color":"","overlay-opacity":"","overlay-gradient":""}}},"product_brand":[],"product_cat":[67,87],"product_tag":[],"class_list":{"0":"post-1101","1":"product","2":"type-product","3":"status-publish","4":"has-post-thumbnail","6":"product_cat-resines","7":"product_cat-white-label","8":"desktop-align-center","9":"tablet-align-left","10":"mobile-align-left","12":"first","13":"instock","14":"taxable","15":"shipping-taxable","16":"product-type-variable"},"jetpack_sharing_enabled":true,"_links":{"self":[{"href":"https:\/\/instagreen.fr\/index.php\/wp-json\/wp\/v2\/product\/1101","targetHints":{"allow":["GET"]}}],"collection":[{"href":"https:\/\/instagreen.fr\/index.php\/wp-json\/wp\/v2\/product"}],"about":[{"href":"https:\/\/instagreen.fr\/index.php\/wp-json\/wp\/v2\/types\/product"}],"replies":[{"embeddable":true,"href":"https:\/\/instagreen.fr\/index.php\/wp-json\/wp\/v2\/comments?post=1101"}],"wp:featuredmedia":[{"embeddable":true,"href":"https:\/\/instagreen.fr\/index.php\/wp-json\/wp\/v2\/media\/2138"}],"wp:attachment":[{"href":"https:\/\/instagreen.fr\/index.php\/wp-json\/wp\/v2\/media?parent=1101"}],"wp:term":[{"taxonomy":"product_brand","embeddable":true,"href":"https:\/\/instagreen.fr\/index.php\/wp-json\/wp\/v2\/product_brand?post=1101"},{"taxonomy":"product_cat","embeddable":true,"href":"https:\/\/instagreen.fr\/index.php\/wp-json\/wp\/v2\/product_cat?post=1101"},{"taxonomy":"product_tag","embeddable":true,"href":"https:\/\/instagreen.fr\/index.php\/wp-json\/wp\/v2\/product_tag?post=1101"}],"curies":[{"name":"wp","href":"https:\/\/api.w.org\/{rel}","templated":true}]}}