{"id":1100,"date":"2025-05-12T15:59:09","date_gmt":"2025-05-12T13:59:09","guid":{"rendered":"https:\/\/instagreen.fr\/?post_type=product&#038;p=1100"},"modified":"2025-11-02T04:45:58","modified_gmt":"2025-11-02T03:45:58","slug":"supreme-50","status":"publish","type":"product","link":"https:\/\/instagreen.fr\/index.php\/produit\/supreme-50\/","title":{"rendered":"3x Filtr\u00e9"},"content":{"rendered":"<p class=\"\" data-start=\"816\" data-end=\"1644\"><strong data-start=\"846\" data-end=\"869\">La r\u00e9sine 3x Filtr\u00e9<\/strong> est un incontournable pour les amateurs de hasch CBD \u00e0 la recherche de puissance, de finesse et de qualit\u00e9 artisanale. Son proc\u00e9d\u00e9 d\u2019extraction par <strong data-start=\"1018\" data-end=\"1039\">triple filtration<\/strong> permet d\u2019obtenir une r\u00e9sine ultra-concentr\u00e9e en trichomes, avec tr\u00e8s peu d\u2019impuret\u00e9s v\u00e9g\u00e9tales. Le r\u00e9sultat : une texture lisse, presque huileuse, tr\u00e8s facile \u00e0 effriter, et un profil aromatique d&rsquo;une grande richesse.<br data-start=\"1257\" data-end=\"1260\" \/>Au nez comme en bouche, elle d\u00e9gage des ar\u00f4mes puissants de chanvre brut, de r\u00e9sine de pin, d\u2019\u00e9pices chaudes et de notes terreuses l\u00e9g\u00e8rement sucr\u00e9es. C\u2019est une r\u00e9sine profonde, id\u00e9ale pour se recentrer, se d\u00e9tendre intens\u00e9ment ou accompagner des moments calmes.<br data-start=\"1522\" data-end=\"1525\" \/>Ce hasch de haute qualit\u00e9 ravira les amateurs en qu\u00eate d\u2019une exp\u00e9rience authentique, intense et parfaitement ma\u00eetris\u00e9e.<\/p>\n<ul>\n<li><strong data-start=\"1649\" data-end=\"1660\">Texture<\/strong> : p\u00e2teuse, lisse, facilement manipulable<\/li>\n<li><strong data-start=\"1707\" data-end=\"1721\">Extraction<\/strong> : Triple filtration artisanale<\/li>\n<\/ul>\n","protected":false},"excerpt":{"rendered":"<p>Une r\u00e9sine de CBD premium \u00e0 la texture ultra-fine et au go\u00fbt puissant, obtenue par triple filtration pour une puret\u00e9 exceptionnelle. Elle s\u00e9duit par ses ar\u00f4mes intenses et profonds de chanvre, d\u2019\u00e9pices et de bois, avec une touche de douceur. Un concentr\u00e9 de qualit\u00e9 pour les amateurs exigeants \u00e0 la recherche d\u2019un effet bien-\u00eatre profond.<\/p>\n","protected":false},"featured_media":2087,"comment_status":"open","ping_status":"closed","template":"","meta":{"_eb_attr":"","content-type":"","site-sidebar-layout":"default","site-content-layout":"","ast-site-content-layout":"default","site-content-style":"default","site-sidebar-style":"default","ast-global-header-display":"","ast-banner-title-visibility":"","ast-main-header-display":"","ast-hfb-above-header-display":"","ast-hfb-below-header-display":"","ast-hfb-mobile-header-display":"","site-post-title":"","ast-breadcrumbs-content":"","ast-featured-img":"","footer-sml-layout":"","theme-transparent-header-meta":"default","adv-header-id-meta":"","stick-header-meta":"","header-above-stick-meta":"","header-main-stick-meta":"","header-below-stick-meta":"","astra-migrate-meta-layouts":"set","ast-page-background-enabled":"default","ast-page-background-meta":{"desktop":{"background-color":"var(--ast-global-color-5)","background-image":"","background-repeat":"repeat","background-position":"center center","background-size":"auto","background-attachment":"scroll","background-type":"","background-media":"","overlay-type":"","overlay-color":"","overlay-opacity":"","overlay-gradient":""},"tablet":{"background-color":"","background-image":"","background-repeat":"repeat","background-position":"center center","background-size":"auto","background-attachment":"scroll","background-type":"","background-media":"","overlay-type":"","overlay-color":"","overlay-opacity":"","overlay-gradient":""},"mobile":{"background-color":"","background-image":"","background-repeat":"repeat","background-position":"center center","background-size":"auto","background-attachment":"scroll","background-type":"","background-media":"","overlay-type":"","overlay-color":"","overlay-opacity":"","overlay-gradient":""}},"ast-content-background-meta":{"desktop":{"background-color":"var(--ast-global-color-4)","background-image":"","background-repeat":"repeat","background-position":"center center","background-size":"auto","background-attachment":"scroll","background-type":"","background-media":"","overlay-type":"","overlay-color":"","overlay-opacity":"","overlay-gradient":""},"tablet":{"background-color":"var(--ast-global-color-4)","background-image":"","background-repeat":"repeat","background-position":"center center","background-size":"auto","background-attachment":"scroll","background-type":"","background-media":"","overlay-type":"","overlay-color":"","overlay-opacity":"","overlay-gradient":""},"mobile":{"background-color":"var(--ast-global-color-4)","background-image":"","background-repeat":"repeat","background-position":"center center","background-size":"auto","background-attachment":"scroll","background-type":"","background-media":"","overlay-type":"","overlay-color":"","overlay-opacity":"","overlay-gradient":""}}},"product_brand":[],"product_cat":[67,87],"product_tag":[],"class_list":{"0":"post-1100","1":"product","2":"type-product","3":"status-publish","4":"has-post-thumbnail","6":"product_cat-resines","7":"product_cat-white-label","8":"desktop-align-center","9":"tablet-align-left","10":"mobile-align-left","12":"first","13":"instock","14":"taxable","15":"shipping-taxable","16":"product-type-variable"},"jetpack_sharing_enabled":true,"_links":{"self":[{"href":"https:\/\/instagreen.fr\/index.php\/wp-json\/wp\/v2\/product\/1100","targetHints":{"allow":["GET"]}}],"collection":[{"href":"https:\/\/instagreen.fr\/index.php\/wp-json\/wp\/v2\/product"}],"about":[{"href":"https:\/\/instagreen.fr\/index.php\/wp-json\/wp\/v2\/types\/product"}],"replies":[{"embeddable":true,"href":"https:\/\/instagreen.fr\/index.php\/wp-json\/wp\/v2\/comments?post=1100"}],"wp:featuredmedia":[{"embeddable":true,"href":"https:\/\/instagreen.fr\/index.php\/wp-json\/wp\/v2\/media\/2087"}],"wp:attachment":[{"href":"https:\/\/instagreen.fr\/index.php\/wp-json\/wp\/v2\/media?parent=1100"}],"wp:term":[{"taxonomy":"product_brand","embeddable":true,"href":"https:\/\/instagreen.fr\/index.php\/wp-json\/wp\/v2\/product_brand?post=1100"},{"taxonomy":"product_cat","embeddable":true,"href":"https:\/\/instagreen.fr\/index.php\/wp-json\/wp\/v2\/product_cat?post=1100"},{"taxonomy":"product_tag","embeddable":true,"href":"https:\/\/instagreen.fr\/index.php\/wp-json\/wp\/v2\/product_tag?post=1100"}],"curies":[{"name":"wp","href":"https:\/\/api.w.org\/{rel}","templated":true}]}}