{"id":1098,"date":"2025-05-12T15:59:09","date_gmt":"2025-05-12T13:59:09","guid":{"rendered":"https:\/\/instagreen.fr\/?post_type=product&#038;p=1098"},"modified":"2025-06-03T16:15:21","modified_gmt":"2025-06-03T14:15:21","slug":"dry-resine","status":"publish","type":"product","link":"https:\/\/instagreen.fr\/index.php\/produit\/dry-resine\/","title":{"rendered":"Dry Sift"},"content":{"rendered":"<p class=\"\" data-start=\"2089\" data-end=\"2924\"><strong data-start=\"2119\" data-end=\"2140\">La Dry R\u00e9sine CBD<\/strong> est \u00e9labor\u00e9e selon une m\u00e9thode traditionnelle de tamisage \u00e0 sec, qui consiste \u00e0 r\u00e9cup\u00e9rer les trichomes naturellement tomb\u00e9s des fleurs, sans ajout de solvants ni de pression excessive. Ce proc\u00e9d\u00e9 doux permet de pr\u00e9server l\u2019int\u00e9grit\u00e9 des ar\u00f4mes et la puret\u00e9 du produit final.<br data-start=\"2416\" data-end=\"2419\" \/>Sa texture granuleuse et souple, facile \u00e0 effriter, est typique des r\u00e9sines s\u00e8ches de qualit\u00e9. En bouche comme au nez, elle d\u00e9veloppe des <strong data-start=\"2557\" data-end=\"2585\">ar\u00f4mes francs de chanvre<\/strong>, de fleurs s\u00e9ch\u00e9es, de poivre doux et de terre. Cette r\u00e9sine s\u2019adresse aux amateurs de hasch brut, qui recherchent un go\u00fbt authentique et une consommation naturelle, sans artifice.<br data-start=\"2766\" data-end=\"2769\" \/>C\u2019est une excellente option pour une d\u00e9tente quotidienne, tout en profitant d\u2019un produit fid\u00e8le \u00e0 la plante d\u2019origine, respectueux de ses caract\u00e9ristiques.<\/p>\n<p class=\"\" data-start=\"2926\" data-end=\"3014\">\ud83d\udfe2 <strong data-start=\"2929\" data-end=\"2940\">Texture<\/strong> : s\u00e8che, sableuse, souple<br data-start=\"2966\" data-end=\"2969\" \/>\ud83d\udfe2 <strong data-start=\"2972\" data-end=\"2986\">Extraction<\/strong> : Tamisage \u00e0 sec (Dry Sift)<\/p>\n","protected":false},"excerpt":{"rendered":"<p>Une r\u00e9sine CBD brute et naturelle, issue du tamisage \u00e0 sec des fleurs pour pr\u00e9server tous les ar\u00f4mes et la richesse des trichomes. Texture sableuse et souple, go\u00fbt authentique de chanvre, notes herbac\u00e9es et terreuses : un produit pur pour une exp\u00e9rience fid\u00e8le \u00e0 la plante.<\/p>\n","protected":false},"featured_media":0,"comment_status":"open","ping_status":"closed","template":"","meta":{"_eb_attr":"","content-type":"","site-sidebar-layout":"default","site-content-layout":"","ast-site-content-layout":"default","site-content-style":"default","site-sidebar-style":"default","ast-global-header-display":"","ast-banner-title-visibility":"","ast-main-header-display":"","ast-hfb-above-header-display":"","ast-hfb-below-header-display":"","ast-hfb-mobile-header-display":"","site-post-title":"","ast-breadcrumbs-content":"","ast-featured-img":"","footer-sml-layout":"","theme-transparent-header-meta":"default","adv-header-id-meta":"","stick-header-meta":"","header-above-stick-meta":"","header-main-stick-meta":"","header-below-stick-meta":"","astra-migrate-meta-layouts":"set","ast-page-background-enabled":"default","ast-page-background-meta":{"desktop":{"background-color":"var(--ast-global-color-5)","background-image":"","background-repeat":"repeat","background-position":"center center","background-size":"auto","background-attachment":"scroll","background-type":"","background-media":"","overlay-type":"","overlay-color":"","overlay-opacity":"","overlay-gradient":""},"tablet":{"background-color":"","background-image":"","background-repeat":"repeat","background-position":"center center","background-size":"auto","background-attachment":"scroll","background-type":"","background-media":"","overlay-type":"","overlay-color":"","overlay-opacity":"","overlay-gradient":""},"mobile":{"background-color":"","background-image":"","background-repeat":"repeat","background-position":"center center","background-size":"auto","background-attachment":"scroll","background-type":"","background-media":"","overlay-type":"","overlay-color":"","overlay-opacity":"","overlay-gradient":""}},"ast-content-background-meta":{"desktop":{"background-color":"var(--ast-global-color-4)","background-image":"","background-repeat":"repeat","background-position":"center center","background-size":"auto","background-attachment":"scroll","background-type":"","background-media":"","overlay-type":"","overlay-color":"","overlay-opacity":"","overlay-gradient":""},"tablet":{"background-color":"var(--ast-global-color-4)","background-image":"","background-repeat":"repeat","background-position":"center center","background-size":"auto","background-attachment":"scroll","background-type":"","background-media":"","overlay-type":"","overlay-color":"","overlay-opacity":"","overlay-gradient":""},"mobile":{"background-color":"var(--ast-global-color-4)","background-image":"","background-repeat":"repeat","background-position":"center center","background-size":"auto","background-attachment":"scroll","background-type":"","background-media":"","overlay-type":"","overlay-color":"","overlay-opacity":"","overlay-gradient":""}}},"product_brand":[],"product_cat":[67,87],"product_tag":[],"class_list":{"0":"post-1098","1":"product","2":"type-product","3":"status-publish","5":"product_cat-resines","6":"product_cat-white-label","7":"desktop-align-center","8":"tablet-align-left","9":"mobile-align-left","11":"first","12":"instock","13":"taxable","14":"shipping-taxable","15":"product-type-variable"},"jetpack_sharing_enabled":true,"_links":{"self":[{"href":"https:\/\/instagreen.fr\/index.php\/wp-json\/wp\/v2\/product\/1098","targetHints":{"allow":["GET"]}}],"collection":[{"href":"https:\/\/instagreen.fr\/index.php\/wp-json\/wp\/v2\/product"}],"about":[{"href":"https:\/\/instagreen.fr\/index.php\/wp-json\/wp\/v2\/types\/product"}],"replies":[{"embeddable":true,"href":"https:\/\/instagreen.fr\/index.php\/wp-json\/wp\/v2\/comments?post=1098"}],"wp:attachment":[{"href":"https:\/\/instagreen.fr\/index.php\/wp-json\/wp\/v2\/media?parent=1098"}],"wp:term":[{"taxonomy":"product_brand","embeddable":true,"href":"https:\/\/instagreen.fr\/index.php\/wp-json\/wp\/v2\/product_brand?post=1098"},{"taxonomy":"product_cat","embeddable":true,"href":"https:\/\/instagreen.fr\/index.php\/wp-json\/wp\/v2\/product_cat?post=1098"},{"taxonomy":"product_tag","embeddable":true,"href":"https:\/\/instagreen.fr\/index.php\/wp-json\/wp\/v2\/product_tag?post=1098"}],"curies":[{"name":"wp","href":"https:\/\/api.w.org\/{rel}","templated":true}]}}