{"id":1095,"date":"2025-05-12T15:59:08","date_gmt":"2025-05-12T13:59:08","guid":{"rendered":"https:\/\/instagreen.fr\/?post_type=product&#038;p=1095"},"modified":"2025-06-03T16:15:22","modified_gmt":"2025-06-03T14:15:22","slug":"l-a-mousse","status":"publish","type":"product","link":"https:\/\/instagreen.fr\/index.php\/produit\/l-a-mousse\/","title":{"rendered":"L.A MOUSSE"},"content":{"rendered":"<p class=\"\" data-start=\"694\" data-end=\"1571\"><strong data-start=\"724\" data-end=\"744\">L.A Mousse \u2013 CBD<\/strong> est une r\u00e9sine d\u2019exception \u00e0 l\u2019aspect visuel et tactile inimitable. Surnomm\u00e9e \u00ab\u00a0jaune mousse\u00a0\u00bb pour sa <strong data-start=\"846\" data-end=\"882\">texture ultra l\u00e9g\u00e8re et fouett\u00e9e<\/strong>, elle offre une exp\u00e9rience sensorielle rare. Fabriqu\u00e9e \u00e0 partir d&rsquo;une extraction artisanale minutieuse, cette r\u00e9sine est riche en trichomes, ce qui lui donne sa couleur dor\u00e9e et sa texture a\u00e9r\u00e9e, presque spongieuse sous les doigts.<br data-start=\"1114\" data-end=\"1117\" \/>Au nez, L.A Mousse d\u00e9voile un parfum floral intense, m\u00eal\u00e9 \u00e0 des notes fra\u00eeches de citron, de pin et une touche subtilement cr\u00e9meuse. En bouche, elle est douce et fondante, avec un go\u00fbt v\u00e9g\u00e9tal raffin\u00e9, tr\u00e8s pur.<br data-start=\"1328\" data-end=\"1331\" data-is-only-node=\"\" \/>C\u2019est un concentr\u00e9 haut de gamme pens\u00e9 pour les amateurs de textures originales et de produits premium. Ses effets sont \u00e0 la fois l\u00e9gers et profonds : apaisement du corps, calme mental, bonne humeur. Un vrai moment de bien-\u00eatre enveloppant.<\/p>\n<p class=\"\" data-start=\"1573\" data-end=\"1688\">\ud83d\udfe2 <strong data-start=\"1576\" data-end=\"1587\">Texture<\/strong> : mousseuse, l\u00e9g\u00e8re, dor\u00e9e<br data-start=\"1614\" data-end=\"1617\" \/>\ud83d\udfe2 <strong data-start=\"1620\" data-end=\"1634\">Extraction<\/strong> : Artisanale (m\u00e9lange tamisage + affinage sp\u00e9cifique)<\/p>\n","protected":false},"excerpt":{"rendered":"<p>Une r\u00e9sine CBD unique \u00e0 la texture jaune mousseuse, l\u00e9g\u00e8re et a\u00e9r\u00e9e, rappelant les meilleures extractions artisanales. L.A Mousse s\u00e9duit par sa structure souple, sa richesse aromatique et ses effets relaxants profonds. Un hasch d\u2019exception, aussi beau que bon, pour les amateurs de concentr\u00e9s raffin\u00e9s.<\/p>\n","protected":false},"featured_media":0,"comment_status":"open","ping_status":"closed","template":"","meta":{"_eb_attr":"","content-type":"","site-sidebar-layout":"default","site-content-layout":"","ast-site-content-layout":"default","site-content-style":"default","site-sidebar-style":"default","ast-global-header-display":"","ast-banner-title-visibility":"","ast-main-header-display":"","ast-hfb-above-header-display":"","ast-hfb-below-header-display":"","ast-hfb-mobile-header-display":"","site-post-title":"","ast-breadcrumbs-content":"","ast-featured-img":"","footer-sml-layout":"","theme-transparent-header-meta":"default","adv-header-id-meta":"","stick-header-meta":"","header-above-stick-meta":"","header-main-stick-meta":"","header-below-stick-meta":"","astra-migrate-meta-layouts":"set","ast-page-background-enabled":"default","ast-page-background-meta":{"desktop":{"background-color":"var(--ast-global-color-5)","background-image":"","background-repeat":"repeat","background-position":"center center","background-size":"auto","background-attachment":"scroll","background-type":"","background-media":"","overlay-type":"","overlay-color":"","overlay-opacity":"","overlay-gradient":""},"tablet":{"background-color":"","background-image":"","background-repeat":"repeat","background-position":"center center","background-size":"auto","background-attachment":"scroll","background-type":"","background-media":"","overlay-type":"","overlay-color":"","overlay-opacity":"","overlay-gradient":""},"mobile":{"background-color":"","background-image":"","background-repeat":"repeat","background-position":"center center","background-size":"auto","background-attachment":"scroll","background-type":"","background-media":"","overlay-type":"","overlay-color":"","overlay-opacity":"","overlay-gradient":""}},"ast-content-background-meta":{"desktop":{"background-color":"var(--ast-global-color-4)","background-image":"","background-repeat":"repeat","background-position":"center center","background-size":"auto","background-attachment":"scroll","background-type":"","background-media":"","overlay-type":"","overlay-color":"","overlay-opacity":"","overlay-gradient":""},"tablet":{"background-color":"var(--ast-global-color-4)","background-image":"","background-repeat":"repeat","background-position":"center center","background-size":"auto","background-attachment":"scroll","background-type":"","background-media":"","overlay-type":"","overlay-color":"","overlay-opacity":"","overlay-gradient":""},"mobile":{"background-color":"var(--ast-global-color-4)","background-image":"","background-repeat":"repeat","background-position":"center center","background-size":"auto","background-attachment":"scroll","background-type":"","background-media":"","overlay-type":"","overlay-color":"","overlay-opacity":"","overlay-gradient":""}}},"product_brand":[],"product_cat":[67,87],"product_tag":[],"class_list":{"0":"post-1095","1":"product","2":"type-product","3":"status-publish","5":"product_cat-resines","6":"product_cat-white-label","7":"desktop-align-center","8":"tablet-align-left","9":"mobile-align-left","11":"first","12":"instock","13":"taxable","14":"shipping-taxable","15":"product-type-variable"},"jetpack_sharing_enabled":true,"_links":{"self":[{"href":"https:\/\/instagreen.fr\/index.php\/wp-json\/wp\/v2\/product\/1095","targetHints":{"allow":["GET"]}}],"collection":[{"href":"https:\/\/instagreen.fr\/index.php\/wp-json\/wp\/v2\/product"}],"about":[{"href":"https:\/\/instagreen.fr\/index.php\/wp-json\/wp\/v2\/types\/product"}],"replies":[{"embeddable":true,"href":"https:\/\/instagreen.fr\/index.php\/wp-json\/wp\/v2\/comments?post=1095"}],"wp:attachment":[{"href":"https:\/\/instagreen.fr\/index.php\/wp-json\/wp\/v2\/media?parent=1095"}],"wp:term":[{"taxonomy":"product_brand","embeddable":true,"href":"https:\/\/instagreen.fr\/index.php\/wp-json\/wp\/v2\/product_brand?post=1095"},{"taxonomy":"product_cat","embeddable":true,"href":"https:\/\/instagreen.fr\/index.php\/wp-json\/wp\/v2\/product_cat?post=1095"},{"taxonomy":"product_tag","embeddable":true,"href":"https:\/\/instagreen.fr\/index.php\/wp-json\/wp\/v2\/product_tag?post=1095"}],"curies":[{"name":"wp","href":"https:\/\/api.w.org\/{rel}","templated":true}]}}