{"id":1080,"date":"2025-05-12T15:58:53","date_gmt":"2025-05-12T13:58:53","guid":{"rendered":"https:\/\/instagreen.fr\/?post_type=product&#038;p=1080"},"modified":"2026-04-06T10:07:12","modified_gmt":"2026-04-06T08:07:12","slug":"pochon-10-g-cali-kush","status":"publish","type":"product","link":"https:\/\/instagreen.fr\/index.php\/produit\/pochon-10-g-cali-kush\/","title":{"rendered":"Pochon Cali Kush &#8211; 10g"},"content":{"rendered":"<p class=\"\" data-start=\"672\" data-end=\"1259\">Le pochon 10g de <strong data-start=\"719\" data-end=\"732\">Cali Kush<\/strong> est pens\u00e9 pour les consommateurs r\u00e9guliers \u00e0 la recherche d\u2019une fleur de caract\u00e8re et d\u2019un format \u00e9conomique. On y retrouve toutes les qualit\u00e9s de cette vari\u00e9t\u00e9 embl\u00e9matique : t\u00eates compactes, tr\u00e8s r\u00e9sineuses, aux notes dominantes de pin, de citron et de diesel, sur un fond l\u00e9g\u00e8rement sucr\u00e9.<br data-start=\"1025\" data-end=\"1028\" \/>Gr\u00e2ce au conditionnement en sachet refermable opaque, la fra\u00eecheur des fleurs est conserv\u00e9e plus longtemps. Ce format est parfait pour profiter pleinement d\u2019une exp\u00e9rience intense, relaxante et durable, \u00e0 tout moment de la journ\u00e9e.<\/p>\n<p class=\"\" data-start=\"1261\" data-end=\"1397\">\ud83d\udfe2 <strong data-start=\"1264\" data-end=\"1274\">Ar\u00f4mes<\/strong> : agrumes, pin, diesel<br data-start=\"1297\" data-end=\"1300\" \/>\ud83d\udfe2 <strong data-start=\"1303\" data-end=\"1313\">Format<\/strong> : 10g \u2013 id\u00e9al pour stock r\u00e9gulier<br data-start=\"1347\" data-end=\"1350\" \/>\ud83d\udfe2 <strong data-start=\"1353\" data-end=\"1363\">Effets<\/strong> : relax profond, intense, ancr\u00e9<\/p>\n","protected":false},"excerpt":{"rendered":"<p>Un format g\u00e9n\u00e9reux pour les amateurs de saveurs puissantes et bois\u00e9es. Cali Kush en 10g, c\u2019est l\u2019assurance d\u2019un stock longue dur\u00e9e de fleurs intenses, r\u00e9sineuses, au parfum typiquement californien.<\/p>\n","protected":false},"featured_media":1905,"comment_status":"open","ping_status":"closed","template":"","meta":{"_eb_attr":"","content-type":"","site-sidebar-layout":"no-sidebar","site-content-layout":"","ast-site-content-layout":"normal-width-container","site-content-style":"unboxed","site-sidebar-style":"default","ast-global-header-display":"","ast-banner-title-visibility":"","ast-main-header-display":"","ast-hfb-above-header-display":"","ast-hfb-below-header-display":"","ast-hfb-mobile-header-display":"","site-post-title":"","ast-breadcrumbs-content":"","ast-featured-img":"","footer-sml-layout":"","theme-transparent-header-meta":"default","adv-header-id-meta":"","stick-header-meta":"","header-above-stick-meta":"","header-main-stick-meta":"","header-below-stick-meta":"","astra-migrate-meta-layouts":"set","ast-page-background-enabled":"default","ast-page-background-meta":{"desktop":{"background-color":"var(--ast-global-color-5)","background-image":"","background-repeat":"repeat","background-position":"center center","background-size":"auto","background-attachment":"scroll","background-type":"","background-media":"","overlay-type":"","overlay-color":"","overlay-opacity":"","overlay-gradient":""},"tablet":{"background-color":"","background-image":"","background-repeat":"repeat","background-position":"center center","background-size":"auto","background-attachment":"scroll","background-type":"","background-media":"","overlay-type":"","overlay-color":"","overlay-opacity":"","overlay-gradient":""},"mobile":{"background-color":"","background-image":"","background-repeat":"repeat","background-position":"center center","background-size":"auto","background-attachment":"scroll","background-type":"","background-media":"","overlay-type":"","overlay-color":"","overlay-opacity":"","overlay-gradient":""}},"ast-content-background-meta":{"desktop":{"background-color":"var(--ast-global-color-4)","background-image":"","background-repeat":"repeat","background-position":"center center","background-size":"auto","background-attachment":"scroll","background-type":"","background-media":"","overlay-type":"","overlay-color":"","overlay-opacity":"","overlay-gradient":""},"tablet":{"background-color":"var(--ast-global-color-4)","background-image":"","background-repeat":"repeat","background-position":"center center","background-size":"auto","background-attachment":"scroll","background-type":"","background-media":"","overlay-type":"","overlay-color":"","overlay-opacity":"","overlay-gradient":""},"mobile":{"background-color":"var(--ast-global-color-4)","background-image":"","background-repeat":"repeat","background-position":"center center","background-size":"auto","background-attachment":"scroll","background-type":"","background-media":"","overlay-type":"","overlay-color":"","overlay-opacity":"","overlay-gradient":""}}},"product_brand":[],"product_cat":[82],"product_tag":[],"class_list":{"0":"post-1080","1":"product","2":"type-product","3":"status-publish","4":"has-post-thumbnail","6":"product_cat-pochon","7":"desktop-align-center","8":"tablet-align-left","9":"mobile-align-left","11":"first","12":"instock","13":"sold-individually","14":"taxable","15":"shipping-taxable","16":"product-type-variable"},"jetpack_sharing_enabled":true,"_links":{"self":[{"href":"https:\/\/instagreen.fr\/index.php\/wp-json\/wp\/v2\/product\/1080","targetHints":{"allow":["GET"]}}],"collection":[{"href":"https:\/\/instagreen.fr\/index.php\/wp-json\/wp\/v2\/product"}],"about":[{"href":"https:\/\/instagreen.fr\/index.php\/wp-json\/wp\/v2\/types\/product"}],"replies":[{"embeddable":true,"href":"https:\/\/instagreen.fr\/index.php\/wp-json\/wp\/v2\/comments?post=1080"}],"wp:featuredmedia":[{"embeddable":true,"href":"https:\/\/instagreen.fr\/index.php\/wp-json\/wp\/v2\/media\/1905"}],"wp:attachment":[{"href":"https:\/\/instagreen.fr\/index.php\/wp-json\/wp\/v2\/media?parent=1080"}],"wp:term":[{"taxonomy":"product_brand","embeddable":true,"href":"https:\/\/instagreen.fr\/index.php\/wp-json\/wp\/v2\/product_brand?post=1080"},{"taxonomy":"product_cat","embeddable":true,"href":"https:\/\/instagreen.fr\/index.php\/wp-json\/wp\/v2\/product_cat?post=1080"},{"taxonomy":"product_tag","embeddable":true,"href":"https:\/\/instagreen.fr\/index.php\/wp-json\/wp\/v2\/product_tag?post=1080"}],"curies":[{"name":"wp","href":"https:\/\/api.w.org\/{rel}","templated":true}]}}