{"id":1078,"date":"2025-05-12T15:58:52","date_gmt":"2025-05-12T13:58:52","guid":{"rendered":"https:\/\/instagreen.fr\/?post_type=product&#038;p=1078"},"modified":"2025-05-27T15:35:17","modified_gmt":"2025-05-27T13:35:17","slug":"pochon-10-g-gorilla","status":"publish","type":"product","link":"https:\/\/instagreen.fr\/index.php\/produit\/pochon-10-g-gorilla\/","title":{"rendered":"Pochon Gorilla Glue &#8211; 10g"},"content":{"rendered":"<p class=\"\" data-start=\"424\" data-end=\"763\">Le <strong data-start=\"457\" data-end=\"487\">pochon 10g de Gorilla Glue<\/strong> s\u2019adresse aux amateurs de fleurs CBD intenses, qui cherchent une exp\u00e9rience longue dur\u00e9e sans compromis sur la qualit\u00e9. Cette vari\u00e9t\u00e9 embl\u00e9matique est connue pour sa richesse en r\u00e9sine et ses ar\u00f4mes puissants : bois humide, terre fra\u00eeche, notes de caf\u00e9 et une touche poivr\u00e9e.<\/p>\n<p class=\"\" data-start=\"765\" data-end=\"1057\">Chaque t\u00eate est soigneusement s\u00e9lectionn\u00e9e et conserv\u00e9e dans un sachet opaque refermable, pr\u00e9servant toute sa fra\u00eecheur, sa densit\u00e9 et son profil terp\u00e9nique. Compactes, collantes et tr\u00e8s aromatiques, les fleurs offrent une fum\u00e9e dense et pleine, id\u00e9ale pour un moment de l\u00e2cher-prise complet.<\/p>\n<p class=\"\" data-start=\"1059\" data-end=\"1270\">Ce format est parfait pour les consommateurs r\u00e9guliers ou les connaisseurs \u00e0 la recherche d\u2019un stock g\u00e9n\u00e9reux et \u00e9conomique. Effets relaxants garantis, avec une sensation d\u2019apaisement mental et corporel intense.<\/p>\n<p class=\"\" data-start=\"1272\" data-end=\"1432\">\ud83d\udfe2 <strong data-start=\"1275\" data-end=\"1285\">Ar\u00f4mes<\/strong> : bois, terre, \u00e9pices, caf\u00e9<br data-start=\"1313\" data-end=\"1316\" \/>\ud83d\udfe2 <strong data-start=\"1319\" data-end=\"1329\">Format<\/strong> : 10g \u2013 \u00e9conomique &amp; puissant<\/p>\n","protected":false},"excerpt":{"rendered":"<p>Un grand format pour une vari\u00e9t\u00e9 ultra r\u00e9sineuse et puissante. Gorilla Glue en pochon 10g, c\u2019est l\u2019assurance d\u2019une d\u00e9tente profonde, avec des ar\u00f4mes bois\u00e9s, terreux et l\u00e9g\u00e8rement \u00e9pic\u00e9s.<\/p>\n","protected":false},"featured_media":1895,"comment_status":"open","ping_status":"closed","template":"","meta":{"_eb_attr":"","content-type":"","site-sidebar-layout":"default","site-content-layout":"","ast-site-content-layout":"default","site-content-style":"default","site-sidebar-style":"default","ast-global-header-display":"","ast-banner-title-visibility":"","ast-main-header-display":"","ast-hfb-above-header-display":"","ast-hfb-below-header-display":"","ast-hfb-mobile-header-display":"","site-post-title":"","ast-breadcrumbs-content":"","ast-featured-img":"","footer-sml-layout":"","theme-transparent-header-meta":"default","adv-header-id-meta":"","stick-header-meta":"","header-above-stick-meta":"","header-main-stick-meta":"","header-below-stick-meta":"","astra-migrate-meta-layouts":"set","ast-page-background-enabled":"default","ast-page-background-meta":{"desktop":{"background-color":"var(--ast-global-color-5)","background-image":"","background-repeat":"repeat","background-position":"center center","background-size":"auto","background-attachment":"scroll","background-type":"","background-media":"","overlay-type":"","overlay-color":"","overlay-opacity":"","overlay-gradient":""},"tablet":{"background-color":"","background-image":"","background-repeat":"repeat","background-position":"center center","background-size":"auto","background-attachment":"scroll","background-type":"","background-media":"","overlay-type":"","overlay-color":"","overlay-opacity":"","overlay-gradient":""},"mobile":{"background-color":"","background-image":"","background-repeat":"repeat","background-position":"center center","background-size":"auto","background-attachment":"scroll","background-type":"","background-media":"","overlay-type":"","overlay-color":"","overlay-opacity":"","overlay-gradient":""}},"ast-content-background-meta":{"desktop":{"background-color":"var(--ast-global-color-4)","background-image":"","background-repeat":"repeat","background-position":"center center","background-size":"auto","background-attachment":"scroll","background-type":"","background-media":"","overlay-type":"","overlay-color":"","overlay-opacity":"","overlay-gradient":""},"tablet":{"background-color":"var(--ast-global-color-4)","background-image":"","background-repeat":"repeat","background-position":"center center","background-size":"auto","background-attachment":"scroll","background-type":"","background-media":"","overlay-type":"","overlay-color":"","overlay-opacity":"","overlay-gradient":""},"mobile":{"background-color":"var(--ast-global-color-4)","background-image":"","background-repeat":"repeat","background-position":"center center","background-size":"auto","background-attachment":"scroll","background-type":"","background-media":"","overlay-type":"","overlay-color":"","overlay-opacity":"","overlay-gradient":""}}},"product_brand":[],"product_cat":[82],"product_tag":[],"class_list":{"0":"post-1078","1":"product","2":"type-product","3":"status-publish","4":"has-post-thumbnail","6":"product_cat-pochon","7":"desktop-align-center","8":"tablet-align-left","9":"mobile-align-left","11":"first","12":"instock","13":"taxable","14":"shipping-taxable","15":"product-type-variable"},"jetpack_sharing_enabled":true,"_links":{"self":[{"href":"https:\/\/instagreen.fr\/index.php\/wp-json\/wp\/v2\/product\/1078","targetHints":{"allow":["GET"]}}],"collection":[{"href":"https:\/\/instagreen.fr\/index.php\/wp-json\/wp\/v2\/product"}],"about":[{"href":"https:\/\/instagreen.fr\/index.php\/wp-json\/wp\/v2\/types\/product"}],"replies":[{"embeddable":true,"href":"https:\/\/instagreen.fr\/index.php\/wp-json\/wp\/v2\/comments?post=1078"}],"wp:featuredmedia":[{"embeddable":true,"href":"https:\/\/instagreen.fr\/index.php\/wp-json\/wp\/v2\/media\/1895"}],"wp:attachment":[{"href":"https:\/\/instagreen.fr\/index.php\/wp-json\/wp\/v2\/media?parent=1078"}],"wp:term":[{"taxonomy":"product_brand","embeddable":true,"href":"https:\/\/instagreen.fr\/index.php\/wp-json\/wp\/v2\/product_brand?post=1078"},{"taxonomy":"product_cat","embeddable":true,"href":"https:\/\/instagreen.fr\/index.php\/wp-json\/wp\/v2\/product_cat?post=1078"},{"taxonomy":"product_tag","embeddable":true,"href":"https:\/\/instagreen.fr\/index.php\/wp-json\/wp\/v2\/product_tag?post=1078"}],"curies":[{"name":"wp","href":"https:\/\/api.w.org\/{rel}","templated":true}]}}