{"id":1071,"date":"2025-05-12T15:58:51","date_gmt":"2025-05-12T13:58:51","guid":{"rendered":"https:\/\/instagreen.fr\/?post_type=product&#038;p=1071"},"modified":"2025-06-18T16:12:43","modified_gmt":"2025-06-18T14:12:43","slug":"pineapple-indoor","status":"publish","type":"product","link":"https:\/\/instagreen.fr\/index.php\/produit\/pineapple-indoor\/","title":{"rendered":"Pineapple"},"content":{"rendered":"<p class=\"\" data-start=\"385\" data-end=\"1394\">Pineapple est une vari\u00e9t\u00e9 de CBD r\u00e9solument exotique, con\u00e7ue pour offrir une exp\u00e9rience sensorielle fruit\u00e9e et d\u00e9paysante. Elle d\u00e9veloppe de belles t\u00eates compactes, l\u00e9g\u00e8rement arrondies, aux teintes vert clair et dor\u00e9, couvertes d\u2019une fine couche de trichomes.<br data-start=\"675\" data-end=\"678\" \/>D\u00e8s l\u2019ouverture du sachet, son parfum puissant \u00e9voque instantan\u00e9ment l\u2019ananas frais, accompagn\u00e9 de notes de mangue, de papaye et d\u2019un fond sucr\u00e9 rappelant le sucre de canne. En bouche, la Pineapple d\u00e9livre une fum\u00e9e douce, onctueuse et sucr\u00e9e, avec une dominante d\u2019ananas bien m\u00fbr et une l\u00e9g\u00e8re touche florale.<br data-start=\"988\" data-end=\"991\" \/>Son profil est parfaitement \u00e9quilibr\u00e9 : stimulant sur le plan sensoriel, mais avec un effet profond\u00e9ment relaxant, id\u00e9al pour rel\u00e2cher les tensions sans somnolence. C\u2019est une vari\u00e9t\u00e9 id\u00e9ale pour les amateurs de saveurs tropicales, \u00e0 d\u00e9guster en fin de journ\u00e9e ou lors d\u2019un moment de d\u00e9tente sous le signe de l\u2019\u00e9vasion.<br data-start=\"1309\" data-end=\"1312\" \/>Pineapple combine gourmandise, fra\u00eecheur et s\u00e9r\u00e9nit\u00e9 dans une seule et m\u00eame fleur.<\/p>\n<p class=\"\" data-start=\"1396\" data-end=\"1494\">\ud83d\udfe2 <strong data-start=\"1399\" data-end=\"1409\">Ar\u00f4mes<\/strong> : ananas, mangue, sucre blond, papaye<br data-start=\"1447\" data-end=\"1450\" \/>\ud83d\udfe2 <strong data-start=\"1453\" data-end=\"1466\">Caract\u00e8re<\/strong> : tropical, sucr\u00e9, relaxant<\/p>\n","protected":false},"excerpt":{"rendered":"<p>Une fleur de CBD exotique et juteuse aux ar\u00f4mes intenses d\u2019ananas m\u00fbr, de fruits tropicaux et de sucre blond. Pineapple est une vari\u00e9t\u00e9 ensoleill\u00e9e, gourmande et relaxante, parfaite pour s\u2019\u00e9vader et savourer un moment doux et tropical.<\/p>\n","protected":false},"featured_media":2097,"comment_status":"open","ping_status":"closed","template":"","meta":{"_eb_attr":"","content-type":"","site-sidebar-layout":"default","site-content-layout":"","ast-site-content-layout":"default","site-content-style":"default","site-sidebar-style":"default","ast-global-header-display":"","ast-banner-title-visibility":"","ast-main-header-display":"","ast-hfb-above-header-display":"","ast-hfb-below-header-display":"","ast-hfb-mobile-header-display":"","site-post-title":"","ast-breadcrumbs-content":"","ast-featured-img":"","footer-sml-layout":"","theme-transparent-header-meta":"default","adv-header-id-meta":"","stick-header-meta":"","header-above-stick-meta":"","header-main-stick-meta":"","header-below-stick-meta":"","astra-migrate-meta-layouts":"set","ast-page-background-enabled":"default","ast-page-background-meta":{"desktop":{"background-color":"var(--ast-global-color-5)","background-image":"","background-repeat":"repeat","background-position":"center center","background-size":"auto","background-attachment":"scroll","background-type":"","background-media":"","overlay-type":"","overlay-color":"","overlay-opacity":"","overlay-gradient":""},"tablet":{"background-color":"","background-image":"","background-repeat":"repeat","background-position":"center center","background-size":"auto","background-attachment":"scroll","background-type":"","background-media":"","overlay-type":"","overlay-color":"","overlay-opacity":"","overlay-gradient":""},"mobile":{"background-color":"","background-image":"","background-repeat":"repeat","background-position":"center center","background-size":"auto","background-attachment":"scroll","background-type":"","background-media":"","overlay-type":"","overlay-color":"","overlay-opacity":"","overlay-gradient":""}},"ast-content-background-meta":{"desktop":{"background-color":"var(--ast-global-color-4)","background-image":"","background-repeat":"repeat","background-position":"center center","background-size":"auto","background-attachment":"scroll","background-type":"","background-media":"","overlay-type":"","overlay-color":"","overlay-opacity":"","overlay-gradient":""},"tablet":{"background-color":"var(--ast-global-color-4)","background-image":"","background-repeat":"repeat","background-position":"center center","background-size":"auto","background-attachment":"scroll","background-type":"","background-media":"","overlay-type":"","overlay-color":"","overlay-opacity":"","overlay-gradient":""},"mobile":{"background-color":"var(--ast-global-color-4)","background-image":"","background-repeat":"repeat","background-position":"center center","background-size":"auto","background-attachment":"scroll","background-type":"","background-media":"","overlay-type":"","overlay-color":"","overlay-opacity":"","overlay-gradient":""}}},"product_brand":[],"product_cat":[61],"product_tag":[],"class_list":{"0":"post-1071","1":"product","2":"type-product","3":"status-publish","4":"has-post-thumbnail","6":"product_cat-indoor-hydro","7":"desktop-align-center","8":"tablet-align-left","9":"mobile-align-left","11":"first","12":"instock","13":"taxable","14":"shipping-taxable","15":"product-type-variable"},"jetpack_sharing_enabled":true,"_links":{"self":[{"href":"https:\/\/instagreen.fr\/index.php\/wp-json\/wp\/v2\/product\/1071","targetHints":{"allow":["GET"]}}],"collection":[{"href":"https:\/\/instagreen.fr\/index.php\/wp-json\/wp\/v2\/product"}],"about":[{"href":"https:\/\/instagreen.fr\/index.php\/wp-json\/wp\/v2\/types\/product"}],"replies":[{"embeddable":true,"href":"https:\/\/instagreen.fr\/index.php\/wp-json\/wp\/v2\/comments?post=1071"}],"wp:featuredmedia":[{"embeddable":true,"href":"https:\/\/instagreen.fr\/index.php\/wp-json\/wp\/v2\/media\/2097"}],"wp:attachment":[{"href":"https:\/\/instagreen.fr\/index.php\/wp-json\/wp\/v2\/media?parent=1071"}],"wp:term":[{"taxonomy":"product_brand","embeddable":true,"href":"https:\/\/instagreen.fr\/index.php\/wp-json\/wp\/v2\/product_brand?post=1071"},{"taxonomy":"product_cat","embeddable":true,"href":"https:\/\/instagreen.fr\/index.php\/wp-json\/wp\/v2\/product_cat?post=1071"},{"taxonomy":"product_tag","embeddable":true,"href":"https:\/\/instagreen.fr\/index.php\/wp-json\/wp\/v2\/product_tag?post=1071"}],"curies":[{"name":"wp","href":"https:\/\/api.w.org\/{rel}","templated":true}]}}