{"id":1068,"date":"2025-05-12T15:58:51","date_gmt":"2025-05-12T13:58:51","guid":{"rendered":"https:\/\/instagreen.fr\/?post_type=product&#038;p=1068"},"modified":"2025-06-18T15:33:57","modified_gmt":"2025-06-18T13:33:57","slug":"mango-kush-indoor","status":"publish","type":"product","link":"https:\/\/instagreen.fr\/index.php\/produit\/mango-kush-indoor\/","title":{"rendered":"Mango Kush"},"content":{"rendered":"<p class=\"\" data-start=\"404\" data-end=\"1448\">Mango Kush est une vari\u00e9t\u00e9 de CBD aussi savoureuse qu\u2019exotique, inspir\u00e9e des vari\u00e9t\u00e9s kush classiques et rehauss\u00e9e d\u2019un profil aromatique fruit\u00e9 unique. Visuellement, ses fleurs sont compactes, g\u00e9n\u00e9reuses en trichomes et arborent une belle palette de verts clairs et fonc\u00e9s, ponctu\u00e9s de pistils orange vif.<br data-start=\"740\" data-end=\"743\" \/>D\u00e8s l\u2019ouverture du sachet, des ar\u00f4mes sucr\u00e9s et puissants se d\u00e9gagent : mangue juteuse, banane, ananas, avec une l\u00e9g\u00e8re touche de bois de santal et d\u2019\u00e9pices douces. En bouche, la fum\u00e9e est ronde, fruit\u00e9e et persistante, avec une dominante de mangue bien m\u00fbre et une finale l\u00e9g\u00e8rement terreuse.<br data-start=\"1036\" data-end=\"1039\" \/>Mango Kush est particuli\u00e8rement appr\u00e9ci\u00e9e pour ses effets relaxants et r\u00e9confortants. Elle permet de l\u00e2cher prise, de r\u00e9duire le stress et d\u2019installer une sensation de bien-\u00eatre sans lourdeur. C\u2019est une excellente option pour une fin de journ\u00e9e ou une pause douce et exotique.<br data-start=\"1315\" data-end=\"1318\" \/>Une vari\u00e9t\u00e9 parfaite pour les amateurs de saveurs tropicales et sucr\u00e9es, \u00e0 la recherche d\u2019un moment de calme aux airs de vacances.<\/p>\n<p class=\"\" data-start=\"1450\" data-end=\"1556\">\ud83d\udfe2 <strong data-start=\"1453\" data-end=\"1463\">Ar\u00f4mes<\/strong> : mangue, fruits tropicaux, bois doux, \u00e9pices<br data-start=\"1509\" data-end=\"1512\" \/>\ud83d\udfe2 <strong data-start=\"1515\" data-end=\"1528\">Caract\u00e8re<\/strong> : sucr\u00e9, exotique, relaxant<\/p>\n","protected":false},"excerpt":{"rendered":"<p class=\"\" data-start=\"92\" data-end=\"402\">Une fleur de CBD tropicale, douce et sucr\u00e9e. Mango Kush s\u00e9duit par ses ar\u00f4mes intenses de mangue m\u00fbre, de fruits exotiques et de notes l\u00e9g\u00e8rement bois\u00e9es. Une vari\u00e9t\u00e9 chaleureuse, id\u00e9ale pour une d\u00e9tente gourmande et un voyage sensoriel sans quitter son canap\u00e9<\/p>\n","protected":false},"featured_media":2086,"comment_status":"open","ping_status":"closed","template":"","meta":{"_eb_attr":"","content-type":"","site-sidebar-layout":"default","site-content-layout":"","ast-site-content-layout":"default","site-content-style":"default","site-sidebar-style":"default","ast-global-header-display":"","ast-banner-title-visibility":"","ast-main-header-display":"","ast-hfb-above-header-display":"","ast-hfb-below-header-display":"","ast-hfb-mobile-header-display":"","site-post-title":"","ast-breadcrumbs-content":"","ast-featured-img":"","footer-sml-layout":"","theme-transparent-header-meta":"default","adv-header-id-meta":"","stick-header-meta":"","header-above-stick-meta":"","header-main-stick-meta":"","header-below-stick-meta":"","astra-migrate-meta-layouts":"set","ast-page-background-enabled":"default","ast-page-background-meta":{"desktop":{"background-color":"var(--ast-global-color-5)","background-image":"","background-repeat":"repeat","background-position":"center center","background-size":"auto","background-attachment":"scroll","background-type":"","background-media":"","overlay-type":"","overlay-color":"","overlay-opacity":"","overlay-gradient":""},"tablet":{"background-color":"","background-image":"","background-repeat":"repeat","background-position":"center center","background-size":"auto","background-attachment":"scroll","background-type":"","background-media":"","overlay-type":"","overlay-color":"","overlay-opacity":"","overlay-gradient":""},"mobile":{"background-color":"","background-image":"","background-repeat":"repeat","background-position":"center center","background-size":"auto","background-attachment":"scroll","background-type":"","background-media":"","overlay-type":"","overlay-color":"","overlay-opacity":"","overlay-gradient":""}},"ast-content-background-meta":{"desktop":{"background-color":"var(--ast-global-color-4)","background-image":"","background-repeat":"repeat","background-position":"center center","background-size":"auto","background-attachment":"scroll","background-type":"","background-media":"","overlay-type":"","overlay-color":"","overlay-opacity":"","overlay-gradient":""},"tablet":{"background-color":"var(--ast-global-color-4)","background-image":"","background-repeat":"repeat","background-position":"center center","background-size":"auto","background-attachment":"scroll","background-type":"","background-media":"","overlay-type":"","overlay-color":"","overlay-opacity":"","overlay-gradient":""},"mobile":{"background-color":"var(--ast-global-color-4)","background-image":"","background-repeat":"repeat","background-position":"center center","background-size":"auto","background-attachment":"scroll","background-type":"","background-media":"","overlay-type":"","overlay-color":"","overlay-opacity":"","overlay-gradient":""}}},"product_brand":[],"product_cat":[61],"product_tag":[],"class_list":{"0":"post-1068","1":"product","2":"type-product","3":"status-publish","4":"has-post-thumbnail","6":"product_cat-indoor-hydro","7":"desktop-align-center","8":"tablet-align-left","9":"mobile-align-left","11":"first","12":"instock","13":"taxable","14":"shipping-taxable","15":"product-type-variable"},"jetpack_sharing_enabled":true,"_links":{"self":[{"href":"https:\/\/instagreen.fr\/index.php\/wp-json\/wp\/v2\/product\/1068","targetHints":{"allow":["GET"]}}],"collection":[{"href":"https:\/\/instagreen.fr\/index.php\/wp-json\/wp\/v2\/product"}],"about":[{"href":"https:\/\/instagreen.fr\/index.php\/wp-json\/wp\/v2\/types\/product"}],"replies":[{"embeddable":true,"href":"https:\/\/instagreen.fr\/index.php\/wp-json\/wp\/v2\/comments?post=1068"}],"wp:featuredmedia":[{"embeddable":true,"href":"https:\/\/instagreen.fr\/index.php\/wp-json\/wp\/v2\/media\/2086"}],"wp:attachment":[{"href":"https:\/\/instagreen.fr\/index.php\/wp-json\/wp\/v2\/media?parent=1068"}],"wp:term":[{"taxonomy":"product_brand","embeddable":true,"href":"https:\/\/instagreen.fr\/index.php\/wp-json\/wp\/v2\/product_brand?post=1068"},{"taxonomy":"product_cat","embeddable":true,"href":"https:\/\/instagreen.fr\/index.php\/wp-json\/wp\/v2\/product_cat?post=1068"},{"taxonomy":"product_tag","embeddable":true,"href":"https:\/\/instagreen.fr\/index.php\/wp-json\/wp\/v2\/product_tag?post=1068"}],"curies":[{"name":"wp","href":"https:\/\/api.w.org\/{rel}","templated":true}]}}