{"id":1062,"date":"2025-05-12T15:58:50","date_gmt":"2025-05-12T13:58:50","guid":{"rendered":"https:\/\/instagreen.fr\/?post_type=product&#038;p=1062"},"modified":"2025-06-18T15:34:29","modified_gmt":"2025-06-18T13:34:29","slug":"banana-berry-indoor","status":"publish","type":"product","link":"https:\/\/instagreen.fr\/index.php\/produit\/banana-berry-indoor\/","title":{"rendered":"Banana Berry"},"content":{"rendered":"<p class=\"\" data-start=\"422\" data-end=\"1448\">Banana Berry est une vari\u00e9t\u00e9 de CBD savoureuse et accessible, qui mise tout sur la gourmandise. Issue d\u2019un croisement subtil entre des g\u00e9n\u00e9tiques fruit\u00e9es et exotiques, elle produit des fleurs bien denses, aux reflets verts et violets, g\u00e9n\u00e9reusement couvertes de pistils orang\u00e9s et d\u2019une couche brillante de trichomes.<br data-start=\"770\" data-end=\"773\" \/>D\u00e8s l\u2019ouverture du sachet, un parfum doux et sucr\u00e9 se d\u00e9gage : on y retrouve des notes franches de banane m\u00fbre, de fraise confite, de myrtille et une touche lact\u00e9e qui rappelle les bonbons fruit\u00e9s d\u2019enfance. En bouche, la fum\u00e9e est douce, fruit\u00e9e et enveloppante, avec une belle rondeur et une finale l\u00e9g\u00e8rement acidul\u00e9e.<br data-start=\"1094\" data-end=\"1097\" \/>Banana Berry est id\u00e9ale pour un moment de d\u00e9tente sans lourdeur : ses effets sont doux, calmants, parfaits pour \u00e9vacuer le stress et savourer un instant paisible. Elle convient aussi bien aux novices qu\u2019aux amateurs de vari\u00e9t\u00e9s fruit\u00e9es, en qu\u00eate d\u2019une fleur \u00e9quilibr\u00e9e, sucr\u00e9e et r\u00e9confortante.<br data-start=\"1392\" data-end=\"1395\" \/>Une v\u00e9ritable petite douceur au go\u00fbt de fruits mix\u00e9s.<\/p>\n<p class=\"\" data-start=\"1450\" data-end=\"1558\">\ud83d\udfe2 <strong data-start=\"1453\" data-end=\"1463\">Ar\u00f4mes<\/strong> : banane, fraise, fruits rouges, sucr\u00e9<br data-start=\"1502\" data-end=\"1505\" \/>\ud83d\udfe2 <strong data-start=\"1508\" data-end=\"1521\">Caract\u00e8re<\/strong> : doux, fruit\u00e9, relaxant et gourmand<\/p>\n","protected":false},"excerpt":{"rendered":"<p>Une fleur de CBD ultra gourmande au croisement entre douceur tropicale et fruits rouges acidul\u00e9s. Banana Berry s\u00e9duit par ses ar\u00f4mes sucr\u00e9s de banane m\u00fbre, de fraise et de baies sauvages. Une vari\u00e9t\u00e9 ronde, apaisante et fruit\u00e9e \u00e0 souhait, parfaite pour une pause douceur.<\/p>\n","protected":false},"featured_media":2082,"comment_status":"open","ping_status":"closed","template":"","meta":{"_eb_attr":"","content-type":"","site-sidebar-layout":"default","site-content-layout":"","ast-site-content-layout":"default","site-content-style":"default","site-sidebar-style":"default","ast-global-header-display":"","ast-banner-title-visibility":"","ast-main-header-display":"","ast-hfb-above-header-display":"","ast-hfb-below-header-display":"","ast-hfb-mobile-header-display":"","site-post-title":"","ast-breadcrumbs-content":"","ast-featured-img":"","footer-sml-layout":"","theme-transparent-header-meta":"default","adv-header-id-meta":"","stick-header-meta":"","header-above-stick-meta":"","header-main-stick-meta":"","header-below-stick-meta":"","astra-migrate-meta-layouts":"set","ast-page-background-enabled":"default","ast-page-background-meta":{"desktop":{"background-color":"var(--ast-global-color-5)","background-image":"","background-repeat":"repeat","background-position":"center center","background-size":"auto","background-attachment":"scroll","background-type":"","background-media":"","overlay-type":"","overlay-color":"","overlay-opacity":"","overlay-gradient":""},"tablet":{"background-color":"","background-image":"","background-repeat":"repeat","background-position":"center center","background-size":"auto","background-attachment":"scroll","background-type":"","background-media":"","overlay-type":"","overlay-color":"","overlay-opacity":"","overlay-gradient":""},"mobile":{"background-color":"","background-image":"","background-repeat":"repeat","background-position":"center center","background-size":"auto","background-attachment":"scroll","background-type":"","background-media":"","overlay-type":"","overlay-color":"","overlay-opacity":"","overlay-gradient":""}},"ast-content-background-meta":{"desktop":{"background-color":"var(--ast-global-color-4)","background-image":"","background-repeat":"repeat","background-position":"center center","background-size":"auto","background-attachment":"scroll","background-type":"","background-media":"","overlay-type":"","overlay-color":"","overlay-opacity":"","overlay-gradient":""},"tablet":{"background-color":"var(--ast-global-color-4)","background-image":"","background-repeat":"repeat","background-position":"center center","background-size":"auto","background-attachment":"scroll","background-type":"","background-media":"","overlay-type":"","overlay-color":"","overlay-opacity":"","overlay-gradient":""},"mobile":{"background-color":"var(--ast-global-color-4)","background-image":"","background-repeat":"repeat","background-position":"center center","background-size":"auto","background-attachment":"scroll","background-type":"","background-media":"","overlay-type":"","overlay-color":"","overlay-opacity":"","overlay-gradient":""}}},"product_brand":[],"product_cat":[61],"product_tag":[],"class_list":{"0":"post-1062","1":"product","2":"type-product","3":"status-publish","4":"has-post-thumbnail","6":"product_cat-indoor-hydro","7":"desktop-align-center","8":"tablet-align-left","9":"mobile-align-left","11":"first","12":"instock","13":"taxable","14":"shipping-taxable","15":"product-type-variable"},"jetpack_sharing_enabled":true,"_links":{"self":[{"href":"https:\/\/instagreen.fr\/index.php\/wp-json\/wp\/v2\/product\/1062","targetHints":{"allow":["GET"]}}],"collection":[{"href":"https:\/\/instagreen.fr\/index.php\/wp-json\/wp\/v2\/product"}],"about":[{"href":"https:\/\/instagreen.fr\/index.php\/wp-json\/wp\/v2\/types\/product"}],"replies":[{"embeddable":true,"href":"https:\/\/instagreen.fr\/index.php\/wp-json\/wp\/v2\/comments?post=1062"}],"wp:featuredmedia":[{"embeddable":true,"href":"https:\/\/instagreen.fr\/index.php\/wp-json\/wp\/v2\/media\/2082"}],"wp:attachment":[{"href":"https:\/\/instagreen.fr\/index.php\/wp-json\/wp\/v2\/media?parent=1062"}],"wp:term":[{"taxonomy":"product_brand","embeddable":true,"href":"https:\/\/instagreen.fr\/index.php\/wp-json\/wp\/v2\/product_brand?post=1062"},{"taxonomy":"product_cat","embeddable":true,"href":"https:\/\/instagreen.fr\/index.php\/wp-json\/wp\/v2\/product_cat?post=1062"},{"taxonomy":"product_tag","embeddable":true,"href":"https:\/\/instagreen.fr\/index.php\/wp-json\/wp\/v2\/product_tag?post=1062"}],"curies":[{"name":"wp","href":"https:\/\/api.w.org\/{rel}","templated":true}]}}