{"id":1061,"date":"2025-05-12T15:58:50","date_gmt":"2025-05-12T13:58:50","guid":{"rendered":"https:\/\/instagreen.fr\/?post_type=product&#038;p=1061"},"modified":"2025-06-18T15:41:21","modified_gmt":"2025-06-18T13:41:21","slug":"forbidden-fruit","status":"publish","type":"product","link":"https:\/\/instagreen.fr\/index.php\/produit\/forbidden-fruit\/","title":{"rendered":"Forbidden Fruit"},"content":{"rendered":"<p class=\"\" data-start=\"453\" data-end=\"1552\">Forbidden Fruit est une vari\u00e9t\u00e9 de CBD particuli\u00e8rement expressive, n\u00e9e du croisement entre deux g\u00e9n\u00e9tiques d\u2019exception : Cherry Pie et Tangie. Cette alliance donne naissance \u00e0 une fleur visuellement impressionnante et incroyablement parfum\u00e9e.<br data-start=\"726\" data-end=\"729\" \/>Ses t\u00eates sont denses, color\u00e9es, et g\u00e9n\u00e9reusement recouvertes de trichomes, avec des nuances de violet, d\u2019orange et de vert profond. D\u00e8s l\u2019ouverture du sachet, elle exhale un parfum envoutant de fruits tropicaux, de cerise noire m\u00fbre, de mangue sucr\u00e9e et d\u2019agrumes confits. Une v\u00e9ritable explosion olfactive.<br data-start=\"1037\" data-end=\"1040\" \/>En bouche, la fum\u00e9e est douce, velout\u00e9e, avec une dominante fruit\u00e9e persistante et une touche l\u00e9g\u00e8rement acidul\u00e9e. Forbidden Fruit est une vari\u00e9t\u00e9 qui se d\u00e9guste comme un dessert, id\u00e9ale pour les amateurs de saveurs gourmandes et complexes.<br data-start=\"1280\" data-end=\"1283\" \/>Son effet est profond\u00e9ment relaxant sans \u00eatre assommant, parfait pour rel\u00e2cher la pression apr\u00e8s une longue journ\u00e9e ou accompagner un moment de calme. Elle est particuli\u00e8rement appr\u00e9ci\u00e9e pour ses vertus apaisantes sur le corps et l\u2019esprit, sans perte de clart\u00e9 mentale.<\/p>\n<p class=\"\" data-start=\"1554\" data-end=\"1662\">\ud83d\udfe2 <strong data-start=\"1557\" data-end=\"1567\">Ar\u00f4mes<\/strong> : mangue, cerise noire, agrumes confits, sucr\u00e9<br data-start=\"1614\" data-end=\"1617\" \/>\ud83d\udfe2 <strong data-start=\"1620\" data-end=\"1633\">Caract\u00e8re<\/strong> : fruit\u00e9, gourmand, relaxant<\/p>\n","protected":false},"excerpt":{"rendered":"<p>Un cocktail fruit\u00e9 aux accents tropicaux et exotiques. Forbidden Fruit est une fleur de CBD riche en ar\u00f4mes sucr\u00e9s, entre mangue, cerise noire et agrumes confits. Id\u00e9ale pour un moment de d\u00e9tente gourmand et sensoriel, cette vari\u00e9t\u00e9 s\u00e9duit par sa puissance aromatique et son effet apaisant.<\/p>\n","protected":false},"featured_media":2091,"comment_status":"open","ping_status":"closed","template":"","meta":{"_eb_attr":"","content-type":"","site-sidebar-layout":"default","site-content-layout":"","ast-site-content-layout":"default","site-content-style":"default","site-sidebar-style":"default","ast-global-header-display":"","ast-banner-title-visibility":"","ast-main-header-display":"","ast-hfb-above-header-display":"","ast-hfb-below-header-display":"","ast-hfb-mobile-header-display":"","site-post-title":"","ast-breadcrumbs-content":"","ast-featured-img":"","footer-sml-layout":"","theme-transparent-header-meta":"default","adv-header-id-meta":"","stick-header-meta":"","header-above-stick-meta":"","header-main-stick-meta":"","header-below-stick-meta":"","astra-migrate-meta-layouts":"set","ast-page-background-enabled":"default","ast-page-background-meta":{"desktop":{"background-color":"var(--ast-global-color-5)","background-image":"","background-repeat":"repeat","background-position":"center center","background-size":"auto","background-attachment":"scroll","background-type":"","background-media":"","overlay-type":"","overlay-color":"","overlay-opacity":"","overlay-gradient":""},"tablet":{"background-color":"","background-image":"","background-repeat":"repeat","background-position":"center center","background-size":"auto","background-attachment":"scroll","background-type":"","background-media":"","overlay-type":"","overlay-color":"","overlay-opacity":"","overlay-gradient":""},"mobile":{"background-color":"","background-image":"","background-repeat":"repeat","background-position":"center center","background-size":"auto","background-attachment":"scroll","background-type":"","background-media":"","overlay-type":"","overlay-color":"","overlay-opacity":"","overlay-gradient":""}},"ast-content-background-meta":{"desktop":{"background-color":"var(--ast-global-color-4)","background-image":"","background-repeat":"repeat","background-position":"center center","background-size":"auto","background-attachment":"scroll","background-type":"","background-media":"","overlay-type":"","overlay-color":"","overlay-opacity":"","overlay-gradient":""},"tablet":{"background-color":"var(--ast-global-color-4)","background-image":"","background-repeat":"repeat","background-position":"center center","background-size":"auto","background-attachment":"scroll","background-type":"","background-media":"","overlay-type":"","overlay-color":"","overlay-opacity":"","overlay-gradient":""},"mobile":{"background-color":"var(--ast-global-color-4)","background-image":"","background-repeat":"repeat","background-position":"center center","background-size":"auto","background-attachment":"scroll","background-type":"","background-media":"","overlay-type":"","overlay-color":"","overlay-opacity":"","overlay-gradient":""}}},"product_brand":[],"product_cat":[81],"product_tag":[],"class_list":{"0":"post-1061","1":"product","2":"type-product","3":"status-publish","4":"has-post-thumbnail","6":"product_cat-glass-house-fleurs","7":"desktop-align-center","8":"tablet-align-left","9":"mobile-align-left","11":"first","12":"instock","13":"taxable","14":"shipping-taxable","15":"product-type-variable"},"jetpack_sharing_enabled":true,"_links":{"self":[{"href":"https:\/\/instagreen.fr\/index.php\/wp-json\/wp\/v2\/product\/1061","targetHints":{"allow":["GET"]}}],"collection":[{"href":"https:\/\/instagreen.fr\/index.php\/wp-json\/wp\/v2\/product"}],"about":[{"href":"https:\/\/instagreen.fr\/index.php\/wp-json\/wp\/v2\/types\/product"}],"replies":[{"embeddable":true,"href":"https:\/\/instagreen.fr\/index.php\/wp-json\/wp\/v2\/comments?post=1061"}],"wp:featuredmedia":[{"embeddable":true,"href":"https:\/\/instagreen.fr\/index.php\/wp-json\/wp\/v2\/media\/2091"}],"wp:attachment":[{"href":"https:\/\/instagreen.fr\/index.php\/wp-json\/wp\/v2\/media?parent=1061"}],"wp:term":[{"taxonomy":"product_brand","embeddable":true,"href":"https:\/\/instagreen.fr\/index.php\/wp-json\/wp\/v2\/product_brand?post=1061"},{"taxonomy":"product_cat","embeddable":true,"href":"https:\/\/instagreen.fr\/index.php\/wp-json\/wp\/v2\/product_cat?post=1061"},{"taxonomy":"product_tag","embeddable":true,"href":"https:\/\/instagreen.fr\/index.php\/wp-json\/wp\/v2\/product_tag?post=1061"}],"curies":[{"name":"wp","href":"https:\/\/api.w.org\/{rel}","templated":true}]}}